{"id":2970,"date":"2021-11-01T21:35:17","date_gmt":"2021-11-02T04:35:17","guid":{"rendered":"https:\/\/newsroom.sephora.com\/media-kit\/"},"modified":"2025-04-21T15:17:48","modified_gmt":"2025-04-21T22:17:48","slug":"media-kit","status":"publish","type":"page","link":"https:\/\/newsroom.sephora.com\/es\/media-kit\/","title":{"rendered":"Kit de medios"},"content":{"rendered":"<div class=\"wpb-content-wrapper\">[vc_row css=\u00bb.vc_custom_1636071611563{background-color: #000000 !important;}\u00bb][vc_column][vc_row_inner css=\u00bb.vc_custom_1636997657922{margin-top: 30px !important;margin-right: 30px !important;margin-bottom: 30px !important;margin-left: 30px !important;}\u00bb][vc_column_inner][vc_empty_space height=\u00bb30px\u00bb][vc_column_text]\n<h2 style=\"text-align: center; color: #ffffff;\">Kit de medios<\/h2>\n[\/vc_column_text][\/vc_column_inner][\/vc_row_inner][\/vc_column][\/vc_row][vc_row][vc_column][vc_empty_space height=\u00bb30px\u00bb][vc_column_text css=\u00bb.vc_custom_1745273865417{margin-top: 30px !important;margin-right: 30px !important;margin-bottom: 30px !important;margin-left: 30px !important;}\u00bb]\n<p class=\"p1\">Sephora es la marca minorista de belleza de prestigio global l\u00edder en el mundo. Con 56 000 empleados apasionados que operan en 35 mercados, Sephora conecta a clientes y marcas de belleza dentro de la comunidad de belleza m\u00e1s fiable y din\u00e1mica del mundo. Servimos a una comunidad muy comprometida de cientos de millones de seguidores de belleza a trav\u00e9s de nuestra red omnicanal global de m\u00e1s de 3 200 tiendas y buques insignia ic\u00f3nicos, y nuestras plataformas digitales y de comercio electr\u00f3nico, para ofrecer experiencias personalizadas y atractivas en todos los puntos de contacto. Con nuestra selecci\u00f3n de m\u00e1s de 300 marcas y la nuestra propia \u2014Sephora Collection\u2014 ofrecemos la gama m\u00e1s exclusiva y diversa de productos de belleza de prestigio, adaptados a las necesidades de nuestros clientes, desde fragancias hasta maquillaje, cuidado del cabello, cuidado de la piel y m\u00e1s, al tiempo que reimaginamos de forma constante el mundo de la belleza de prestigio.<\/p>\n<p class=\"p1\">Desde nuestros inicios en 1969 en Limoges, Francia, y como parte del Grupo LVMH desde 1997, hemos estado revolucionando la industria minorista de belleza de prestigio. En la actualidad, seguimos rompiendo con la convenci\u00f3n para impulsar nuestra misi\u00f3n: promover un mundo de inspiraci\u00f3n e inclusi\u00f3n en el que todos puedan celebrar su belleza.<\/p>\n[\/vc_column_text][\/vc_column][\/vc_row][vc_row][vc_column][vc_column_text]\n<h3 style=\"text-align: center;\">Galer\u00eda de fotos<\/h3>\n[\/vc_column_text][vc_row_inner][vc_column_inner width=\u00bb1\/6&#8243;][\/vc_column_inner][vc_column_inner width=\u00bb2\/3&#8243;][vc_gallery gallery_type=\u00bbthb-portfolio\u00bb thb_columns=\u00bbsmall-6 large-3&#8243; lightbox=\u00bbmfp-gallery\u00bb images=\u00bb1165,1166,1167,1168,1169,1171,1172,1178,1179,1180&#8243; img_size=\u00bbmedium\u00bb el_class=\u00bbnocaption\u00bb][\/vc_column_inner][vc_column_inner width=\u00bb1\/6&#8243;][\/vc_column_inner][\/vc_row_inner][\/vc_column][\/vc_row]\n<\/div>","protected":false},"excerpt":{"rendered":"<p>[vc_row css=\u00bb.vc_custom_1636071611563{background-color: #000000 !important;}\u00bb][vc_column][vc_row_inner css=\u00bb.vc_custom_1636997657922{margin-top: 30px !important;margin-right: 30px !important;margin-bottom: 30px !important;margin-left: 30px !important;}\u00bb][vc_column_inner][vc_empty_space height=\u00bb30px\u00bb][vc_column_text] Kit de medios [\/vc_column_text][\/vc_column_inner][\/vc_row_inner][\/vc_column][\/vc_row][vc_row][vc_column][vc_empty_space height=\u00bb30px\u00bb][vc_column_text css=\u00bb.vc_custom_1745273865417{margin-top: 30px !important;margin-right: 30px !important;margin-bottom: 30px !important;margin-left: 30px !important;}\u00bb] Sephora es la marca minorista de belleza de prestigio global l\u00edder en el mundo. Con 56 000 empleados apasionados que operan en 35 mercados, Sephora conecta a&hellip;<\/p>\n","protected":false},"author":1,"featured_media":0,"parent":0,"menu_order":0,"comment_status":"closed","ping_status":"closed","template":"page-default.php","meta":{"footnotes":"","_links_to":"","_links_to_target":""},"class_list":["post-2970","page","type-page","status-publish","hentry"],"_links":{"self":[{"href":"https:\/\/newsroom.sephora.com\/es\/wp-json\/wp\/v2\/pages\/2970","targetHints":{"allow":["GET"]}}],"collection":[{"href":"https:\/\/newsroom.sephora.com\/es\/wp-json\/wp\/v2\/pages"}],"about":[{"href":"https:\/\/newsroom.sephora.com\/es\/wp-json\/wp\/v2\/types\/page"}],"author":[{"embeddable":true,"href":"https:\/\/newsroom.sephora.com\/es\/wp-json\/wp\/v2\/users\/1"}],"replies":[{"embeddable":true,"href":"https:\/\/newsroom.sephora.com\/es\/wp-json\/wp\/v2\/comments?post=2970"}],"version-history":[{"count":5,"href":"https:\/\/newsroom.sephora.com\/es\/wp-json\/wp\/v2\/pages\/2970\/revisions"}],"predecessor-version":[{"id":5341,"href":"https:\/\/newsroom.sephora.com\/es\/wp-json\/wp\/v2\/pages\/2970\/revisions\/5341"}],"wp:attachment":[{"href":"https:\/\/newsroom.sephora.com\/es\/wp-json\/wp\/v2\/media?parent=2970"}],"curies":[{"name":"wp","href":"https:\/\/api.w.org\/{rel}","templated":true}]}}