{"id":2985,"date":"2022-05-16T23:45:15","date_gmt":"2022-05-17T06:45:15","guid":{"rendered":"https:\/\/newsroom.sephora.com\/inicio\/"},"modified":"2025-04-16T16:06:09","modified_gmt":"2025-04-16T23:06:09","slug":"inicio","status":"publish","type":"page","link":"https:\/\/newsroom.sephora.com\/es\/","title":{"rendered":"Inicio"},"content":{"rendered":"<div class=\"wpb-content-wrapper\">[vc_row][vc_column][vc_empty_space height=\u00bb25px\u00bb css=\u00bb.vc_custom_1636929424172{margin-top: 0px !important;margin-right: 0px !important;margin-bottom: 0px !important;margin-left: 0px !important;}\u00bb][vc_row_inner][vc_column_inner][vc_column_text]\n<h1 style=\"text-align: center;\">\u00daltimas noticias de Sephora<\/h1>\n[\/vc_column_text][\/vc_column_inner][\/vc_row_inner][vc_row_inner el_id=\u00bbhomemainbody\u00bb][vc_column_inner width=\u00bb2\/3&#8243;][vc_column_text css=\u00bb\u00bb]<style id=\"smart_post_show_dynamic_css1029\">#pcp_wrapper-1029:not(.sps-glossary-layout) .sp-pcp-row,#pcp_wrapper-1029 .sps-glossary-items-group .sps-glossary-items-content {margin-right: -10px;margin-left: -10px;}#pcp_wrapper-1029 .sp-pcp-row [class*='sp-pcp-col-'],#pcp_wrapper-1029 .sp-pcp-row .sp-pcp-block-hierarchical{padding-right: 10px;padding-left: 10px; padding-bottom:20px;}.pcp-wrapper-1029 .sp-pcp-title a,.pcp-modal-1029 .sp-pcp-title, .pcp-wrapper-1029 .pcp-collapse-header a{text-align: left;text-transform: none;font-size: 20px;line-height: 24px;letter-spacing: 0px;color: #111;display: inherit;}.pcp-wrapper-1029 .sp-pcp-title, .pcp-modal-1029 .sp-pcp-title {margin: 0px 0px 9px 0px;}.pcp-wrapper-1029 .pcp-collapse-header a{display: inline-block;}.pcp-modal-1029 .sp-pcp-title{text-align: left;color: #111; display: block;}.pcp-wrapper-1029 .sp-pcp-title a:hover,.pcp-wrapper-1029 .pcp-collapse-header:hover a{color: #cc3333;}.pcp-wrapper-1029 .sp-pcp-post-content, .pcp-modal-1029 .sp-pcp-post-content, .pcp-wrapper-1029 .sp-pcp-post-content p, .pcp-modal-1029 .sp-pcp-post-content p{text-align: left;text-transform: none;font-size: 16px;line-height: 20px;letter-spacing: 0px;margin: 0px 0px 17px 0px;color: #444; }#pcp_wrapper-1029 .pcp-carousel-fade:not(.swiper-rtl) .swiper-slide .sp-smart-pro-item:not(:last-child), #pcp_wrapper-1029 .swiper-cube:not(.swiper-rtl) .swiper-slide [class~='sp-smart-pro-item'], #pcp_wrapper-1029 .swiper-flip:not(.swiper-rtl) .swiper-slide [class~='sp-smart-pro-item']{margin-right:20px;}#pcp_wrapper-1029 .pcp-carousel-fade.swiper-rtl .swiper-slide .sp-smart-pro-item:not(:last-child), #pcp_wrapper-1029 .swipe-cube.swiper-rtl .swiper-slide [class~='sp-smart-pro-item'], #pcp_wrapper-1029 .swiper-flip.swiper-rtl .swiper-slide [class~='sp-smart-pro-item']{margin-left:20px;}#pcp_wrapper-1029 .pcp-button-prev, #pcp_wrapper-1029 .pcp-button-next{ background-image: none; background-size: auto; background-color: #0a0a0a; font-size: 18px; height: 33px; width: 33px; margin-top: 8px; border: 1px solid #aaa; text-align: center; line-height: 30px; -webkit-transition: 0.3s; border-radius: 0px; }#pcp_wrapper-1029 .pcp-button-prev:hover, #pcp_wrapper-1029 .pcp-button-next:hover{ background-color: #b5b5b5; border-color: #0a0202; } #pcp_wrapper-1029 .pcp-button-prev i, #pcp_wrapper-1029 .pcp-button-next i{ color: #ffffff; } #pcp_wrapper-1029 .pcp-button-prev:hover i, #pcp_wrapper-1029 .pcp-button-next:hover i{ color: #d3d3d3; } #pcp_wrapper-1029.pcp-carousel-wrapper .sp-pcp-post{ margin-top: 0; } #pcp_wrapper-1029 .sp-pcp-carousel.top_right, #pcp_wrapper-1029 .sp-pcp-carousel.top_left, #pcp_wrapper-1029 .sp-pcp-carousel.top_center {padding-top: 60px;}#pcp_wrapper-1029 .sp-pcp-carousel.bottom_left, #pcp_wrapper-1029 .sp-pcp-carousel.bottom_right, #pcp_wrapper-1029 .sp-pcp-carousel.bottom_center {padding-bottom: 60px;}#pcp_wrapper-1029 .pcp-pagination:is(.dots,.dynamic,.strokes) .swiper-pagination-bullet{ background: #cccccc; } #pcp_wrapper-1029 .pcp-pagination:is(.dots,.dynamic,.strokes) .swiper-pagination-bullet-active { background: #e1624b; } #pcp_wrapper-1029 .number .swiper-pagination-bullet{ color: #ffffff; background: #444444; } #pcp_wrapper-1029 .number .swiper-pagination-bullet-active, #pcp_wrapper-1029 .number .swiper-pagination-bullet:hover{ color: #ffffff; background: #e1624b; }#pcp_wrapper-1029 .sp-pcp-carousel .pcp-pagination-scrollbar{ background: #cccccc; }#pcp_wrapper-1029 .sp-pcp-carousel .pcp-pagination-scrollbar .swiper-scrollbar-drag{ background: #e1624b; }#pcp_wrapper-1029 .pcp-filter-bar ~ .sp-pcp-carousel.top_right, #pcp_wrapper-1029 .pcp-filter-bar ~ .sp-pcp-carousel.top_center, #pcp_wrapper-1029 .pcp-filter-bar ~ .sp-pcp-carousel.top_left {padding-top: 0px;}.pcp-modal-1029 .sp-pcp-post-content,.pcp-modal-1029 .sp-pcp-post-content p,.pcp-modal-1029 .sp-pcp-post-content * {color: #444;}#pcp_wrapper-1029 .sp-pcp-post ,#pcp_wrapper-1029 .sp-pcp-post td, #pcp_wrapper-1029 .table-responsive th {border: 0px solid #e2e2e2; border-radius:0px;}#pcp_wrapper-1029 .sp-pcp-post{background-color: #f2f2f2;}#pcp_wrapper-1029 .sp-pcp-post {padding: 20px 20px 20px 20px;}#pcp_wrapper-1029 .sp-pcp-post-details {padding: 0 0 0 0;}#pcp_wrapper-1029 .sp-pcp-post .pcp-post-thumb-wrapper{margin: 0px 0px 11px 0px;}.pcp-modal-1029 .sp-pcp-post .sp-pcp-post-thumb-area {margin: 0px 0px 11px 0px;}#pcp_wrapper-1029 .sp-overlay.sp-pcp-post .pcp-post-thumb-wrapper,#pcp_wrapper-1029 .left-thumb.sp-pcp-post .pcp-post-thumb-wrapper,#pcp_wrapper-1029 .right-thumb.sp-pcp-post .pcp-post-thumb-wrapper,#pcp_wrapper-1029 .sp-pcp-content-box.sp-pcp-post .pcp-post-thumb-wrapper{margin: 0;}#pcp_wrapper-1029 .pcp-post-thumb-wrapper{border: 0px solid #dddddd;border-radius:0px;}.pcp-wrapper-1029 .sp_pcp_cf_list,.pcp-popup-1029 .sp_pcp_cf_list{text-align: left;text-transform: none;font-size: 14px;line-height: 18px;letter-spacing: 0px;color: #888;margin: 0px 0px 15px 0px;}.pcp-popup-1029 .sp_pcp_cf_list{color: #888;}.pcp-wrapper-1029 .sp-pcp-post .pcp-category a,.pcp-wrapper-1029 .sp-pcp-post .sp-pcp-post-meta ul li{margin: 0px 5px 5px 0px;}.pcp-wrapper-1029 .sp-pcp-post-meta li,.pcp-wrapper-1029 td.sp-pcp-post-meta,.pcp-wrapper-1029 .sp-pcp-post-meta ul,.pcp-wrapper-1029 .sp-pcp-post-meta li a,.pcp-popup-1029 .sp-pcp-post-meta ul,.pcp-popup-1029 .sp-pcp-post-meta li,.pcp-popup-1029 .sp-pcp-post-meta li a{text-transform: none;font-size: 14px;line-height: 16px;letter-spacing: 0px;color: #888;}.pcp-popup-1029 .sp-pcp-post-meta ul,.pcp-popup-1029 .sp-pcp-post-meta li,.pcp-popup-1029 .sp-pcp-post-meta li a {color: #888;}.pcp-modal-1029 .sp-pcp-post-meta,.pcp-wrapper-1029 .sp-pcp-post-meta{margin: 0px 0px 9px 0px;text-align: left;}.pcp-wrapper-1029 .sp-pcp-post-meta li a:hover,.pcp-popup-1029 .sp-pcp-post-meta li a:hover{color: #cc3333;}#pcp_wrapper-1029 .sp-pcp-post .sp-pcp-social-share{text-align: left;}.pcp-popup-1029 .sp-pcp-post .sp-pcp-social-share{text-align: left;}#pcp_wrapper-1029 .sp-pcp-post .sp-pcp-social-share,.pcp-popup-1029 .sp-pcp-post .sp-pcp-social-share{margin: 0px 0px 0px 0px;}.pcp-popup-1029 .sp-pcp-post .sp-pcp-social-share a.icon_only .fa,#pcp_wrapper-1029 .sp-pcp-post .sp-pcp-social-share a.icon_only .fa{background: transparent;border: none;}#pcp_wrapper-1029 .pcp-readmore-link{text-transform: uppercase; font-size: 12px; line-height: 18px; letter-spacing: 0px; }#pcp_wrapper-1029 .sp-pcp-readmore{ text-align: left; }#pcp_wrapper-1029 .pcp-readmore-link{ background: transparent; color: #111; border: 1px solid #888; border-radius: 0px; } #pcp_wrapper-1029 .pcp-readmore-link:hover { background-color: #cc3333; color: #fff; border-color: #cc3333; }#pcp_wrapper-1029 .wp-block-columns {display: flex;gap: 1em;}#pcp_wrapper-1029 .wp-block-columns >.wp-block-column{flex-basis: 100%;}#pcp_wrapper-1029 .pcp-post-pagination .page-numbers.current, #pcp_wrapper-1029 .pcp-post-pagination a.active , #pcp_wrapper-1029 .pcp-post-pagination a:hover{ color: #ffffff; background-color: #e1624b; border-color: #e1624b; }#pcp_wrapper-1029 .pcp-post-pagination,#pcp_wrapper-1029 .pcp-load-more,#pcp_wrapper-1029 .pcp-infinite-scroll-loader{ text-align: left; }#pcp_wrapper-1029 .pcp-post-pagination .page-numbers, .pcp-post-pagination a{ background: #ffffff; color:#5e5e5e; border: 1px solid #bbbbbb;border-radius: 0px;}#pcp_wrapper-1029 .pcp-load-more button{ background: #ffffff; color: #5e5e5e; border: 1px solid #bbbbbb; border-radius: 0px; }#pcp_wrapper-1029 .pcp-load-more button:hover{ background: #e1624b; color: #ffffff; border: 1px solid #e1624b; cursor: pointer; }#pcp_wrapper-1029 .pcp-filter-bar .pcp-filter-by select{border: 1px solid #bbbbbb;border-radius:2px;}#pcp_wrapper-1029 .pcp-filter-bar .pcp-filter-by select:hover{border-color: #e1624b;}#pcp_wrapper-1029 .pcp-shuffle-filter .taxonomy-group{ margin: 0px 0px 30px 0px; }#pcp_wrapper-1029 .sps-glossary-filter li button,#pcp_wrapper-1029 .pcp-shuffle-filter .pcp-button{background: transparent;color: #444444;margin: 0px 8px 8px 0px;border: 2px solid #bbbbbb;font-size: 13px;text-transform: uppercase;letter-spacing: 0px;}#pcp_wrapper-1029 .sps-glossary-filter li button:hover,#pcp_wrapper-1029 .pcp-shuffle-filter .pcp-button:hover, #pcp_wrapper-1029 .sps-glossary-filter li button.active, #pcp_wrapper-1029 .pcp-shuffle-filter .pcp-button.is-active { background: #e1624b; color: #ffffff; border: 2px solid #e1624b; } #pcp_wrapper-1029 .sps-az-filter-button.sps-glossary-filter { justify-content: center; } @media (max-width: 768px) {.pcp-wrapper-1029 .sp-pcp-title a{ font-size: 18px; line-height: 22px; }.pcp-wrapper-1029 .sp-pcp-post-content, .pcp-wrapper-1029 .sp-pcp-post-content p{ font-size: 14px; line-height: 18px; }#pcp_wrapper-1029 .pcp-readmore-link{ font-size: 12px; line-height: 18px; }.pcp-wrapper-1029 .sp-pcp-post-meta li, .pcp-wrapper-1029 .sp-pcp-post-meta li a { font-size: 14px; line-height: 16px; } .pcp-wrapper-1029 .sp_pcp_cf_list{ font-size: 14px; line-height: 18px; } }@media (max-width: 420px) {.pcp-wrapper-1029 .sp-pcp-title a{ font-size: 16px; line-height: 20px; }.pcp-wrapper-1029 .sp-pcp-post-content, .pcp-wrapper-1029 .sp-pcp-post-content p{ font-size: 12px; line-height: 18px; }#pcp_wrapper-1029 .pcp-readmore-link{ font-size: 10px; line-height: 16px; }.pcp-wrapper-1029 .sp-pcp-post-meta li, .pcp-wrapper-1029 .sp-pcp-post-meta li a{ font-size: 12px; line-height: 16px; } .pcp-wrapper-1029 .sp_pcp_cf_list{ font-size: 12px; line-height: 16px; } }#pcp_wrapper-1029 .pcp-table-layout table tbody tr.sp-pcp-post:nth-child(even) { background-color: hsl(0deg 0% 60% \/ 10%);}.sp-pcp-row .sp-pcp-block-6 { flex: 1 1 calc(50% );}@media (min-width: 1200px) { .sp-pcp-row .sp-pcp-col-xl-1 { flex: 1 1 100%; max-width: 100%; } .sp-pcp-row .sp-pcp-col-xl-2 { flex: 1 1 calc(50% ); max-width: calc(50% ); } .sp-pcp-row .sp-pcp-col-xl-3 { flex: 1 1 calc(33.22% ); max-width: calc(33.22% ); } .sp-pcp-row .sp-pcp-col-xl-4 { flex: 1 1 25%; max-width: 25%; } .sp-pcp-row .sp-pcp-col-xl-5 { flex: 1 1 calc(20% ); max-width: calc(20% ); } .sp-pcp-row .sp-pcp-col-xl-6 { flex: 1 1 calc(16.66% ); max-width: calc(16.66% ); } .sp-pcp-row .sp-pcp-col-xl-7 { flex: 1 1 calc(14.285% );max-width: calc(14.285% ); } .sp-pcp-row .sp-pcp-col-xl-8 { flex: 1 1 calc(12.5% );max-width: calc(12.5% ); }}@media (max-width: 1200px) { .sp-pcp-row .sp-pcp-col-lg-1 { flex: 1 1 100%; max-width: 100%; } .sp-pcp-row .sp-pcp-col-lg-2 { flex: 1 1 calc(50% );max-width: calc(50% ); } .sp-pcp-row .sp-pcp-col-lg-3 { flex: 1 1 calc(33.22% ); max-width: calc(33.22% ); } .sp-pcp-row .sp-pcp-col-lg-4 { flex: 1 1 calc(25% ); max-width: calc(25% ); } .sp-pcp-row .sp-pcp-col-lg-5 { flex: 1 1 calc(20% ); max-width: calc(20% ); } .sp-pcp-row .sp-pcp-col-lg-6 { flex: 1 1 calc(16.66% ); max-width: calc(16.66% ); } .sp-pcp-row .sp-pcp-col-lg-7 { flex: 1 1 calc(14.285% ); max-width: calc(14.285% ); } .sp-pcp-row .sp-pcp-col-lg-8 { flex: 1 1 calc(12.5% ); max-width: calc(12.5% ); }}@media (max-width: 992px) { .sp-pcp-row .sp-pcp-col-md-1 { flex: 1 1 100%; max-width: 100%; } .sp-pcp-row .sp-pcp-col-md-2 { flex: 1 1 calc(50% ); max-width: calc(50% ); } .sp-pcp-row .sp-pcp-col-md-2-5 { flex: 1 1 calc(75% ); max-width: calc(75% ); } .sp-pcp-row .sp-pcp-col-md-3 { flex: 1 1 calc(33.22% ); max-width: calc(33.22% ); } .sp-pcp-row .sp-pcp-col-md-4 { flex: 1 1 calc(25% ); max-width: 25%; } .sp-pcp-row .sp-pcp-col-md-5 { flex: 1 1 calc(20% ); max-width: calc(25% ); } .sp-pcp-row .sp-pcp-col-md-6 { flex: 1 1 calc(16.66% ); max-width: calc(16.66% ); } .sp-pcp-row .sp-pcp-col-md-7 { flex: 1 1 calc(14.285% ); max-width: calc(14.285% ); } .sp-pcp-row .sp-pcp-col-md-8 { flex: 1 1 calc(12.5% ); max-width: calc(12.5% ); }}@media (max-width: 768px) { .sp-pcp-row .sp-pcp-col-sm-1 { flex: 1 1 100%; max-width: 100%; } .sp-pcp-row .sp-pcp-col-sm-2 { flex: 1 1 calc(50% ); max-width: calc(50% ); } .sp-pcp-row .sp-pcp-col-sm-2-5 { flex: 1 1 calc(75% ); max-width: calc(75% ); } .sp-pcp-row .sp-pcp-col-sm-3 { flex: 1 1 calc(33.22% ); max-width: calc(33.22% ); } .sp-pcp-row .sp-pcp-col-sm-4 { flex: 1 1 calc(25% ); max-width: calc(25% ); } .sp-pcp-row .sp-pcp-col-sm-5 { flex: 1 1 calc(20% ); max-width: calc(20% ); } .sp-pcp-row .sp-pcp-col-sm-6 { flex: 1 1 calc(16.66% ); max-width: calc(16.66% ); } .sp-pcp-row .sp-pcp-col-sm-7 { flex: 1 1 calc(14.285% ); max-width: calc(14.285% ); } .sp-pcp-row .sp-pcp-col-sm-8 { flex: 1 1 calc(12.5% ); max-width: calc(12.5% ); }}.pcp-post-pagination.pcp-on-mobile { display: none;}@media (max-width: 576px) {.sp-pcp-row .sp-pcp-col-xs-1 { flex: 1 1 100%; max-width: 100%; } .sp-pcp-row .sp-pcp-col-xs-2 { flex: 1 1 calc(50% ); max-width: calc(50% ); } .sp-pcp-row .sp-pcp-col-xs-3 { flex: 1 1 calc(33.22% ); max-width: calc(33.22% ); } .sp-pcp-row .sp-pcp-col-xs-4 { flex: 1 1 calc(25% ); max-width: calc(25% ); } .sp-pcp-row .sp-pcp-col-xs-5 { flex: 1 1 calc(20% ); max-width: calc(20% ); } .sp-pcp-row .sp-pcp-col-xs-6 { flex: 1 1 calc(16.66% ); max-width: calc(16.66% ); } .sp-pcp-row .sp-pcp-col-xs-7 { flex: 1 1 calc(14.285% ); max-width: calc(14.285% ); } .sp-pcp-row .sp-pcp-col-xs-8 { flex: 1 1 calc(12.5% ); max-width: calc(12.5% ); } .pcp-post-pagination.pcp-on-mobile:not(.pcp-hide) { display: block; } .pcp-post-pagination:not(.pcp-on-mobile) { display: none; }}<\/style><div id=\"pcp_wrapper-1029\" class=\"sp-pcp-section sp-pcp-container pcp-wrapper-1029 pcp-carousel-wrapper standard\" data-sid=\"1029\" data-lang=\"es_ES\" data-current_post_id=\"2985\"><div class=\"pcp-preloader\"><\/div><div id=\"sp-pcp-id-1029\" class=\"swiper-container sp-pcp-carousel bottom_right carousel_layout\" dir=\"ltr\" layout=\"carousel_layout\" data-carousel='{\"mode\":\"standard\", \"speed\":1000, \"ticker_speed\":3000, \"ticker_width\":250, \"items\":1, \"spaceBetween\":20, \"navigation\":true, \"pagination\": false, \"autoplay\": true, \"autoplay_speed\": 2000, \"loop\": true, \"autoHeight\": false, \"lazy\": true, \"effect\": \"slide\", \"simulateTouch\": true, \"slider_mouse_wheel\": false, \"slider_free_mode\": false, \"allowTouchMove\": true, \"dynamicBullets\": false, \"bullet_types\": \"dots\", \"center_mode\": false, \"slidesRow\": {\"lg_desktop\": 1, \"desktop\": 1, \"tablet\": 1, \"mobile_landscape\": 1, \"mobile\": 1}, \"responsive\": {\"lg_desktop\": 1200, \"desktop\": 992, \"tablet\": 768, \"mobile_landscape\": 576}, \"slidesPerView\": {\"lg_desktop\": 1, \"desktop\": 1, \"tablet\": 1, \"mobile_landscape\": 1, \"mobile\": 1}, \"slideToScroll\": {\"lg_desktop\": 1, \"desktop\": 1, \"tablet\": 1, \"mobile_landscape\": 2, \"mobile\": 1 }, \"navigation_mobile\": true, \"pagination_mobile\": false, \"stop_onHover\": true, \"enabled\": true, \"prevSlideMessage\": \"Previous slide\", \"nextSlideMessage\": \"Next slide\", \"firstSlideMessage\": \"This is the first slide\", \"lastSlideMessage\": \"This is the last slide\",\"keyboard\": \"true\", \"paginationBulletMessage\": \"Go to slide {{index}}\" }'><div class=\"swiper-wrapper\"><div class=\"swiper-slide swiper-lazy sp-smart-pro-item\"><div class=\"sp-pcp-post pcp-item-6147\" data-id=\"6147\"><div class=\"pcp-post-thumb-wrapper\"><div class=\"sp-pcp-post-thumb-area\"><a class=\"sp-pcp-thumb\" aria-label=\"feature_image\" href=\"https:\/\/newsroom.sephora.com\/es\/sephora-app-in-chatgpt-brings-a-new-personalized-beauty-experience\/\" target=\"_self\" ><img loading=\"lazy\" decoding=\"async\" src=\"https:\/\/newsroom.sephora.com\/wp-content\/uploads\/2026\/03\/sephoraXopenai_2.jpg\" width=\"1000\" height=\"564\" alt=\"Use Sephora in ChatGPT\"><\/a><\/div><\/div><h2 class=\"sp-pcp-title\"><a href=\"https:\/\/newsroom.sephora.com\/es\/sephora-app-in-chatgpt-brings-a-new-personalized-beauty-experience\/\" target=\"_self\">La app de Sephora en ChatGPT ofrece una nueva experiencia de belleza personalizada<\/a><\/h2><div class=\"sp-pcp-post-content\"><p>Sephora, l\u00edder mundial en ventas de prestigiosos cosm\u00e9ticos, anunci\u00f3 hoy una nueva experiencia para consumidores mejorada por IA con el lanzamiento de su aplicaci\u00f3n en ChatGPT.<\/p><div class=\"sp-pcp-readmore\"><a class=\"pcp-readmore-link\" target=\"_self\" href=\"https:\/\/newsroom.sephora.com\/es\/sephora-app-in-chatgpt-brings-a-new-personalized-beauty-experience\/\">Read More <\/a><\/div><\/div><\/div><\/div><div class=\"swiper-slide swiper-lazy sp-smart-pro-item\"><div class=\"sp-pcp-post pcp-item-6124\" data-id=\"6124\"><div class=\"pcp-post-thumb-wrapper\"><div class=\"sp-pcp-post-thumb-area\"><a class=\"sp-pcp-thumb\" aria-label=\"feature_image\" href=\"https:\/\/newsroom.sephora.com\/es\/2026-applications-open-for-sephora-accelerate-the-leading-us-beauty-brand-incubator-program\/\" target=\"_self\" ><img loading=\"lazy\" decoding=\"async\" src=\"https:\/\/newsroom.sephora.com\/wp-content\/uploads\/2026\/03\/sephora_accelerate_logo.jpg\" width=\"1000\" height=\"564\" alt=\"Sephora Accelerate Logo\"><\/a><\/div><\/div><h2 class=\"sp-pcp-title\"><a href=\"https:\/\/newsroom.sephora.com\/es\/2026-applications-open-for-sephora-accelerate-the-leading-us-beauty-brand-incubator-program\/\" target=\"_self\">Convocatoria abierta para el programa Sephora Accelerate 2026, la principal incubadora de marcas de belleza de EE. UU.<\/a><\/h2><div class=\"sp-pcp-post-content\"><p>A partir del lunes 2 de marzo, Sephora aceptar\u00e1 solicitudes para su Programa Accelerate 2026<\/p><div class=\"sp-pcp-readmore\"><a class=\"pcp-readmore-link\" target=\"_self\" href=\"https:\/\/newsroom.sephora.com\/es\/2026-applications-open-for-sephora-accelerate-the-leading-us-beauty-brand-incubator-program\/\">Read More <\/a><\/div><\/div><\/div><\/div><div class=\"swiper-slide swiper-lazy sp-smart-pro-item\"><div class=\"sp-pcp-post pcp-item-6020\" data-id=\"6020\"><div class=\"pcp-post-thumb-wrapper\"><div class=\"sp-pcp-post-thumb-area\"><a class=\"sp-pcp-thumb\" aria-label=\"feature_image\" href=\"https:\/\/newsroom.sephora.com\/es\/sephora-and-olive-young-partner-to-bring-the-best-of-korean-beauty-to-sephora-consumers\/\" target=\"_self\" ><img loading=\"lazy\" decoding=\"async\" src=\"https:\/\/newsroom.sephora.com\/wp-content\/uploads\/2026\/01\/oliveyoungxsephora.jpg\" width=\"1000\" height=\"564\" alt=\"Olive Young X Sephora\"><\/a><\/div><\/div><h2 class=\"sp-pcp-title\"><a href=\"https:\/\/newsroom.sephora.com\/es\/sephora-and-olive-young-partner-to-bring-the-best-of-korean-beauty-to-sephora-consumers\/\" target=\"_self\">SEPHORA y OLIVE YOUNG se asocian para llevar lo mejor de la belleza coreana a los consumidores de SEPHORA<\/a><\/h2><div class=\"sp-pcp-post-content\"><p>SEPHORA, l\u00edder mundial en la venta minorista de productos de belleza de prestigio, y CJ OLIVE YOUNG, minorista l\u00edder en Corea del Sur en el sector de la belleza y ...<\/p><div class=\"sp-pcp-readmore\"><a class=\"pcp-readmore-link\" target=\"_self\" href=\"https:\/\/newsroom.sephora.com\/es\/sephora-and-olive-young-partner-to-bring-the-best-of-korean-beauty-to-sephora-consumers\/\">Read More <\/a><\/div><\/div><\/div><\/div><\/div><div class=\"pcp-button-next swiper-button-next bottom_right\"><i class=\"sps-icon-right-open\"><\/i><\/div><div class=\"pcp-button-prev swiper-button-prev bottom_right\"><i class=\"sps-icon-left-open\"><\/i><\/div><\/div><\/div>[\/vc_column_text][\/vc_column_inner][vc_column_inner width=\u00bb1\/3&#8243;][vc_basic_grid post_type=\u00bbpost\u00bb max_items=\u00bb3&#8243; element_width=\u00bb12&#8243; gap=\u00bb35&#8243; item=\u00bb4790&#8243; css=\u00bb\u00bb grid_id=\u00bbvc_gid:1743804007627-b352b228-bbef-7&#8243; taxonomies=\u00bb123&#8243;][\/vc_column_inner][\/vc_row_inner][\/vc_column][\/vc_row]\n<\/div>","protected":false},"excerpt":{"rendered":"\u00daltimas noticias de Sephora La app de Sephora en ChatGPT ofrece una nueva experiencia de belleza personalizadaSephora, l\u00edder mundial en ventas de prestigiosos cosm\u00e9ticos, anunci\u00f3 hoy una nueva experiencia para consumidores mejorada por IA con el lanzamiento de su aplicaci\u00f3n en ChatGPT.Read More Convocatoria abierta para el programa Sephora Accelerate 2026, la principal incubadora de&hellip;","protected":false},"author":1,"featured_media":0,"parent":0,"menu_order":0,"comment_status":"closed","ping_status":"closed","template":"page-default.php","meta":{"footnotes":"","_links_to":"","_links_to_target":""},"class_list":["post-2985","page","type-page","status-publish","hentry"],"_links":{"self":[{"href":"https:\/\/newsroom.sephora.com\/es\/wp-json\/wp\/v2\/pages\/2985","targetHints":{"allow":["GET"]}}],"collection":[{"href":"https:\/\/newsroom.sephora.com\/es\/wp-json\/wp\/v2\/pages"}],"about":[{"href":"https:\/\/newsroom.sephora.com\/es\/wp-json\/wp\/v2\/types\/page"}],"author":[{"embeddable":true,"href":"https:\/\/newsroom.sephora.com\/es\/wp-json\/wp\/v2\/users\/1"}],"replies":[{"embeddable":true,"href":"https:\/\/newsroom.sephora.com\/es\/wp-json\/wp\/v2\/comments?post=2985"}],"version-history":[{"count":8,"href":"https:\/\/newsroom.sephora.com\/es\/wp-json\/wp\/v2\/pages\/2985\/revisions"}],"predecessor-version":[{"id":5288,"href":"https:\/\/newsroom.sephora.com\/es\/wp-json\/wp\/v2\/pages\/2985\/revisions\/5288"}],"wp:attachment":[{"href":"https:\/\/newsroom.sephora.com\/es\/wp-json\/wp\/v2\/media?parent=2985"}],"curies":[{"name":"wp","href":"https:\/\/api.w.org\/{rel}","templated":true}]}}