{"id":3018,"date":"2022-01-04T03:05:24","date_gmt":"2022-01-04T11:05:24","guid":{"rendered":"https:\/\/newsroom.sephora.com\/conversaciones\/"},"modified":"2022-07-18T11:38:51","modified_gmt":"2022-07-18T18:38:51","slug":"conversaciones","status":"publish","type":"page","link":"https:\/\/newsroom.sephora.com\/es\/conversaciones\/","title":{"rendered":"Conversaciones"},"content":{"rendered":"<div class=\"wpb-content-wrapper\">[vc_row css=\u00bb.vc_custom_1641265654733{background-color: #000000 !important;}\u00bb][vc_column][vc_row_inner css=\u00bb.vc_custom_1641265686914{margin-top: 30px !important;margin-right: 30px !important;margin-bottom: 30px !important;margin-left: 30px !important;}\u00bb][vc_column_inner][vc_empty_space height=\u00bb30px\u00bb][vc_column_text]\n<h2 style=\"text-align: center; color: #ffffff;\"> Conversaciones con Sephora<\/h2>\n[\/vc_column_text][\/vc_column_inner][\/vc_row_inner][\/vc_column][\/vc_row][vc_row][vc_column][vc_empty_space height=\u00bb25px\u00bb][vc_column_text]<span style=\"font-weight: 400;\">Esta p\u00e1gina albergar\u00e1 los futuros paneles virtuales producidos por una empresa de terceros que organiza eventos digitales.El aspecto est\u00e1 sujeto a cambios en funci\u00f3n de los requisitos terceros.En caso de que un tercero organice el evento por su parte, esta p\u00e1gina se redireccionar\u00eda a un sitio que tenga un aspecto similar al nuestro para que haya cohesi\u00f3n.\u00a0<\/span>[\/vc_column_text][vc_single_image image=\u00bb1492&#8243; img_size=\u00bbfull\u00bb alignment=\u00bbcenter\u00bb][vc_single_image image=\u00bb1494&#8243; img_size=\u00bbfull\u00bb alignment=\u00bbcenter\u00bb][\/vc_column][\/vc_row]\n<\/div>","protected":false},"excerpt":{"rendered":"<p>[vc_row css=\u00bb.vc_custom_1641265654733{background-color: #000000 !important;}\u00bb][vc_column][vc_row_inner css=\u00bb.vc_custom_1641265686914{margin-top: 30px !important;margin-right: 30px !important;margin-bottom: 30px !important;margin-left: 30px !important;}\u00bb][vc_column_inner][vc_empty_space height=\u00bb30px\u00bb][vc_column_text] Conversaciones con Sephora [\/vc_column_text][\/vc_column_inner][\/vc_row_inner][\/vc_column][\/vc_row][vc_row][vc_column][vc_empty_space height=\u00bb25px\u00bb][vc_column_text]Esta p\u00e1gina albergar\u00e1 los futuros paneles virtuales producidos por una empresa de terceros que organiza eventos digitales.El aspecto est\u00e1 sujeto a cambios en funci\u00f3n de los requisitos terceros.En caso de que un tercero organice el evento por&hellip;<\/p>\n","protected":false},"author":1,"featured_media":0,"parent":0,"menu_order":0,"comment_status":"closed","ping_status":"closed","template":"page-default.php","meta":{"footnotes":"","_links_to":"","_links_to_target":""},"class_list":["post-3018","page","type-page","status-publish","hentry"],"_links":{"self":[{"href":"https:\/\/newsroom.sephora.com\/es\/wp-json\/wp\/v2\/pages\/3018","targetHints":{"allow":["GET"]}}],"collection":[{"href":"https:\/\/newsroom.sephora.com\/es\/wp-json\/wp\/v2\/pages"}],"about":[{"href":"https:\/\/newsroom.sephora.com\/es\/wp-json\/wp\/v2\/types\/page"}],"author":[{"embeddable":true,"href":"https:\/\/newsroom.sephora.com\/es\/wp-json\/wp\/v2\/users\/1"}],"replies":[{"embeddable":true,"href":"https:\/\/newsroom.sephora.com\/es\/wp-json\/wp\/v2\/comments?post=3018"}],"version-history":[{"count":0,"href":"https:\/\/newsroom.sephora.com\/es\/wp-json\/wp\/v2\/pages\/3018\/revisions"}],"wp:attachment":[{"href":"https:\/\/newsroom.sephora.com\/es\/wp-json\/wp\/v2\/media?parent=3018"}],"curies":[{"name":"wp","href":"https:\/\/api.w.org\/{rel}","templated":true}]}}