{"id":3041,"date":"2021-11-01T21:39:39","date_gmt":"2021-11-02T04:39:39","guid":{"rendered":"https:\/\/newsroom.sephora.com\/premios\/"},"modified":"2026-04-14T22:51:13","modified_gmt":"2026-04-15T05:51:13","slug":"premios","status":"publish","type":"page","link":"https:\/\/newsroom.sephora.com\/es\/premios\/","title":{"rendered":"Premios"},"content":{"rendered":"<div class=\"wpb-content-wrapper\">[vc_row css=\u00bb.vc_custom_1636070139592{background-color: #000000 !important;}\u00bb][vc_column][vc_row_inner css=\u00bb.vc_custom_1636991395613{margin-top: 30px !important;margin-right: 30px !important;margin-bottom: 30px !important;margin-left: 30px !important;}\u00bb][vc_column_inner][vc_empty_space height=\u00bb30&#8243;][vc_column_text]\n<h2 style=\"text-align: center; color: #ffffff;\">Premios<\/h2>\n[\/vc_column_text][\/vc_column_inner][\/vc_row_inner][\/vc_column][\/vc_row][vc_row][vc_column][vc_empty_space height=\u00bb25px\u00bb][vc_text_separator title=\u00bb2026&#8243; css=\u00bb\u00bb el_class=\u00bbsubtitle\u00bb][vc_empty_space height=\u00bb25px\u00bb][\/vc_column][\/vc_row][vc_row css=\u00bb.vc_custom_1637086285552{margin-bottom: 20px !important;}\u00bb el_class=\u00bbawardsrow\u00bb][vc_column width=\u00bb1\/3&#8243; offset=\u00bbvc_col-lg-4 vc_col-md-12&#8243;][vc_column_text css=\u00bb.vc_custom_1776232232837{margin-top: 20px !important;margin-right: 20px !important;margin-bottom: 20px !important;margin-left: 20px !important;}\u00bb]\n<h5 style=\"text-align: center;\">Las empresas m\u00e1s innovadoras de FastCo<\/h5>\n<p style=\"text-align: center;\">Sephora ocupa el puesto n.\u00b0 4 de 10 \u2013 Belleza<\/p>\n[\/vc_column_text][\/vc_column][vc_column width=\u00bb1\/3&#8243; offset=\u00bbvc_col-lg-4 vc_col-md-12&#8243;][vc_column_text css=\u00bb.vc_custom_1776232250152{margin-top: 20px !important;margin-right: 20px !important;margin-bottom: 20px !important;margin-left: 20px !important;}\u00bb]\n<h5 style=\"text-align: center;\">Las mejores marcas para impacto social de Forbes<\/h5>\n<p style=\"text-align: center;\">Sephora ocupa el puesto n.\u00b0 38 de 300 en Sephora Collection \u2013 Salud y Belleza<\/p>\n[\/vc_column_text][\/vc_column][vc_column width=\u00bb1\/3&#8243; el_class=\u00bbblankbox\u00bb offset=\u00bbvc_col-lg-4 vc_col-md-12&#8243;][vc_column_text css=\u00bb.vc_custom_1776232266553{margin-top: 20px !important;margin-right: 20px !important;margin-bottom: 20px !important;margin-left: 20px !important;}\u00bb]\n<h5 style=\"text-align: center;\">Las marcas m\u00e1s confiables de USA Today<\/h5>\n<p style=\"text-align: center;\">En la lista con 4,5\/5 estrellas \u2013 Cosm\u00e9ticos y Belleza<\/p>\n[\/vc_column_text][\/vc_column][\/vc_row][vc_row][vc_column][vc_empty_space height=\u00bb25px\u00bb][vc_text_separator title=\u00bb2025&#8243; css=\u00bb\u00bb el_class=\u00bbsubtitle\u00bb][vc_empty_space height=\u00bb25px\u00bb][\/vc_column][\/vc_row][vc_row css=\u00bb.vc_custom_1637086285552{margin-bottom: 20px !important;}\u00bb el_class=\u00bbawardsrow\u00bb][vc_column width=\u00bb1\/3&#8243; offset=\u00bbvc_col-lg-4 vc_col-md-12&#8243;][vc_column_text css=\u00bb.vc_custom_1772688291265{margin-top: 20px !important;margin-right: 20px !important;margin-bottom: 20px !important;margin-left: 20px !important;}\u00bb]\n<h5 style=\"text-align: center;\">Premios BeautyMatter<\/h5>\n<p style=\"text-align: center;\">Producci\u00f3n de contenido de gran volumen de Sephora &#8211; Mejor colaboraci\u00f3n estrat\u00e9gica<\/p>\n[\/vc_column_text][\/vc_column][vc_column width=\u00bb1\/3&#8243; offset=\u00bbvc_col-lg-4 vc_col-md-12&#8243;][vc_column_text css=\u00bb.vc_custom_1772688336461{margin-top: 20px !important;margin-right: 20px !important;margin-bottom: 20px !important;margin-left: 20px !important;}\u00bb]\n<h5 style=\"text-align: center;\">Narrativa de marca<\/h5>\n<p style=\"text-align: center;\">Rostros de la m\u00fasica \u2013 Mejor serie<\/p>\n[\/vc_column_text][\/vc_column][vc_column width=\u00bb1\/3&#8243; el_class=\u00bbblankbox\u00bb offset=\u00bbvc_col-lg-4 vc_col-md-12&#8243;][vc_column_text css=\u00bb.vc_custom_1772688355917{margin-top: 20px !important;margin-right: 20px !important;margin-bottom: 20px !important;margin-left: 20px !important;}\u00bb]\n<h5 style=\"text-align: center;\">Premios CLIO<\/h5>\n<p style=\"text-align: center;\">Rostros de la m\u00fasica \u2013 Mejor serie<\/p>\n[\/vc_column_text][\/vc_column][\/vc_row][vc_row css=\u00bb.vc_custom_1637086285552{margin-bottom: 20px !important;}\u00bb el_class=\u00bbawardsrow\u00bb][vc_column width=\u00bb1\/3&#8243; offset=\u00bbvc_col-lg-4 vc_col-md-12&#8243;][vc_column_text css=\u00bb.vc_custom_1758745994487{margin-top: 20px !important;margin-right: 20px !important;margin-bottom: 20px !important;margin-left: 20px !important;}\u00bb]\n<h5 style=\"text-align: center;\">Premios Commerce Nexty<\/h5>\n<p style=\"text-align: center;\">Tanner Smith en el D\u00eda Mundial de Concienciaci\u00f3n sobre el Autismo \u2013 Finalista de la Campa\u00f1a de Responsabilidad Social con Mayor Impacto<\/p>\n[\/vc_column_text][\/vc_column][vc_column width=\u00bb1\/3&#8243; offset=\u00bbvc_col-lg-4 vc_col-md-12&#8243;][vc_column_text css=\u00bb.vc_custom_1758746008415{margin-top: 20px !important;margin-right: 20px !important;margin-bottom: 20px !important;margin-left: 20px !important;}\u00bb]\n<h5 style=\"text-align: center;\">Certificaci\u00f3n EDGE Assess<\/h5>\n<p style=\"text-align: center;\">Certificado<\/p>\n[\/vc_column_text][\/vc_column][vc_column width=\u00bb1\/3&#8243; el_class=\u00bbblankbox\u00bb offset=\u00bbvc_col-lg-4 vc_col-md-12&#8243;][vc_column_text css=\u00bb.vc_custom_1758746017426{margin-top: 20px !important;margin-right: 20px !important;margin-bottom: 20px !important;margin-left: 20px !important;}\u00bb]\n<h5 style=\"text-align: center;\">Certificaci\u00f3n EDGEplus<\/h5>\n<p style=\"text-align: center;\">Certificado<\/p>\n[\/vc_column_text][\/vc_column][\/vc_row][vc_row css=\u00bb.vc_custom_1637086285552{margin-bottom: 20px !important;}\u00bb el_class=\u00bbawardsrow\u00bb][vc_column width=\u00bb1\/3&#8243; offset=\u00bbvc_col-lg-4 vc_col-md-12&#8243;][vc_column_text css=\u00bb.vc_custom_1772688416429{margin-top: 20px !important;margin-right: 20px !important;margin-bottom: 20px !important;margin-left: 20px !important;}\u00bb]\n<h5 style=\"text-align: center;\">Forbes: Las mejores empresas para trabajar en Estados Unidos por su cultura corporativa<\/h5>\n<p style=\"text-align: center;\">Sephora ocupa el puesto 69 de 600<\/p>\n[\/vc_column_text][\/vc_column][vc_column width=\u00bb1\/3&#8243; offset=\u00bbvc_col-lg-4 vc_col-md-12&#8243;][vc_column_text css=\u00bb.vc_custom_1758746029733{margin-top: 20px !important;margin-right: 20px !important;margin-bottom: 20px !important;margin-left: 20px !important;}\u00bb]\n<h5 style=\"text-align: center;\">Great Place to Work\u00ae<\/h5>\n<p style=\"text-align: center;\">Certificado<\/p>\n[\/vc_column_text][\/vc_column][vc_column width=\u00bb1\/3&#8243; el_class=\u00bbblankbox\u00bb offset=\u00bbvc_col-lg-4 vc_col-md-12&#8243;][vc_column_text css=\u00bb.vc_custom_1745378144489{margin-top: 20px !important;margin-right: 20px !important;margin-bottom: 20px !important;margin-left: 20px !important;}\u00bb]\n<h5 style=\"text-align: center;\"><b>\u00cdndice de Igualdad Empresarial de la Campa\u00f1a de Derechos Humanos<\/b><\/h5>\n<p style=\"text-align: center;\">Premio Igualdad 100 &#8211; L\u00edder en Inclusi\u00f3n LGBTQ+ en el Lugar de Trabajo<\/p>\n[\/vc_column_text][\/vc_column][\/vc_row][vc_row css=\u00bb.vc_custom_1637086285552{margin-bottom: 20px !important;}\u00bb el_class=\u00bbawardsrow\u00bb][vc_column width=\u00bb1\/3&#8243; offset=\u00bbvc_col-lg-4 vc_col-md-12&#8243;][vc_column_text css=\u00bb.vc_custom_1772688475803{margin-top: 20px !important;margin-right: 20px !important;margin-bottom: 20px !important;margin-left: 20px !important;}\u00bb]\n<h5 style=\"text-align: center;\"><b>Premios MediaPost Online Media Marketing &amp; Advertising (OMMA)<\/b><\/h5>\n<p style=\"text-align: center;\">Rostros de la m\u00fasica \u2013 Campa\u00f1a de belleza\/cosm\u00e9ticos<\/p>\n[\/vc_column_text][\/vc_column][vc_column width=\u00bb1\/3&#8243; offset=\u00bbvc_col-lg-4 vc_col-md-12&#8243;][vc_column_text css=\u00bb.vc_custom_1745378232043{margin-top: 20px !important;margin-right: 20px !important;margin-bottom: 20px !important;margin-left: 20px !important;}\u00bb]\n<h5 style=\"text-align: center;\"><b>Las Marcas M\u00e1s Queridas de Am\u00e9rica seg\u00fan Newsweek<\/b><\/h5>\n<p style=\"text-align: center;\">Las Marcas M\u00e1s Queridas de Am\u00e9rica<\/p>\n[\/vc_column_text][\/vc_column][vc_column width=\u00bb1\/3&#8243; el_class=\u00bbblankbox\u00bb offset=\u00bbvc_col-lg-4 vc_col-md-12&#8243;][vc_column_text css=\u00bb.vc_custom_1758746057198{margin-top: 20px !important;margin-right: 20px !important;margin-bottom: 20px !important;margin-left: 20px !important;}\u00bb]\n<h5 style=\"text-align: center;\">Revista People<\/h5>\n<p style=\"text-align: center;\">Lista de empresas comprometidas con el bienestar<\/p>\n[\/vc_column_text][\/vc_column][\/vc_row][vc_row css=\u00bb.vc_custom_1637086285552{margin-bottom: 20px !important;}\u00bb el_class=\u00bbawardsrow\u00bb][vc_column width=\u00bb1\/3&#8243; offset=\u00bbvc_col-lg-4 vc_col-md-12&#8243;][vc_column_text css=\u00bb.vc_custom_1772688541787{margin-top: 20px !important;margin-right: 20px !important;margin-bottom: 20px !important;margin-left: 20px !important;}\u00bb]\n<h5 style=\"text-align: center;\"><b>Premios The Drum<\/b><\/h5>\n<p style=\"text-align: center;\">Caras de la m\u00fasica \u2013 Moda y Belleza (Oro)<br \/>\nFaces of Music \u2013 V\u00eddeo y Cine (Plata)<\/p>\n[\/vc_column_text][\/vc_column][vc_column width=\u00bb1\/3&#8243; offset=\u00bbvc_col-lg-4 vc_col-md-12&#8243;][vc_column_text css=\u00bb.vc_custom_1745378245938{margin-top: 20px !important;margin-right: 20px !important;margin-bottom: 20px !important;margin-left: 20px !important;}\u00bb]\n<h5 style=\"text-align: center;\"><b>Los Mejores Proveedores de Servicios de Atenci\u00f3n al Cliente de Estados Unidos, seg\u00fan USA Today<\/b><\/h5>\n<p style=\"text-align: center;\">Categor\u00eda en la tienda<\/p>\n[\/vc_column_text][\/vc_column][vc_column width=\u00bb1\/3&#8243; el_class=\u00bbblankbox\u00bb][\/vc_column][\/vc_row][vc_row][vc_column][vc_empty_space height=\u00bb25px\u00bb][vc_text_separator title=\u00bb2024&#8243; el_class=\u00bbsubtitle\u00bb][vc_empty_space height=\u00bb25px\u00bb][\/vc_column][\/vc_row][vc_row css=\u00bb.vc_custom_1637086285552{margin-bottom: 20px !important;}\u00bb el_class=\u00bbawardsrow\u00bb][vc_column width=\u00bb1\/3&#8243; offset=\u00bbvc_col-lg-4 vc_col-md-12&#8243;][vc_column_text css=\u00bb.vc_custom_1714600800025{margin-top: 20px !important;margin-right: 20px !important;margin-bottom: 20px !important;margin-left: 20px !important;}\u00bb]\n<h5 style=\"text-align: center;\"><b>Premios Bizbash Event Experience<\/b><\/h5>\n<p style=\"text-align: center;\">SEPHORIA &#8211; Mejor Activaci\u00f3n de Marca de Belleza, Mejor Activaci\u00f3n Virtual de Marca, Mejor Evento para Millenials\/Gen Z<\/p>\n[\/vc_column_text][\/vc_column][vc_column width=\u00bb1\/3&#8243; offset=\u00bbvc_col-lg-4 vc_col-md-12&#8243;][vc_column_text css=\u00bb.vc_custom_1705625074577{margin-top: 20px !important;margin-right: 20px !important;margin-bottom: 20px !important;margin-left: 20px !important;}\u00bb]\n<h5 style=\"text-align: center;\"><b>Mejores empresas para trabajar<\/b><\/h5>\n<p style=\"text-align: center;\">Mejores empresas grandes para trabajar en San Francisco<\/p>\n[\/vc_column_text][\/vc_column][vc_column width=\u00bb1\/3&#8243; el_class=\u00bbblankbox\u00bb offset=\u00bbvc_col-lg-4 vc_col-md-12&#8243;][vc_column_text css=\u00bb.vc_custom_1737738961572{margin-top: 20px !important;margin-right: 20px !important;margin-bottom: 20px !important;margin-left: 20px !important;}\u00bb]\n<h5 style=\"text-align: center;\"><b>Reconocimiento Catalyst Award<\/b><\/h5>\n<p style=\"text-align: center;\">Sephora DE&amp;I Heart Journey \u2013 Ganador<\/p>\n[\/vc_column_text][\/vc_column][\/vc_row][vc_row css=\u00bb.vc_custom_1637086285552{margin-bottom: 20px !important;}\u00bb el_class=\u00bbawardsrow\u00bb][vc_column width=\u00bb1\/3&#8243; offset=\u00bbvc_col-lg-4 vc_col-md-12&#8243;][vc_column_text css=\u00bb.vc_custom_1737739011852{margin-top: 20px !important;margin-right: 20px !important;margin-bottom: 20px !important;margin-left: 20px !important;}\u00bb]\n<h5 style=\"text-align: center;\"><b>Premios CommerceNexty<\/b><\/h5>\n<p style=\"text-align: center;\">SEPHORiA: Mejor uso de un nuevo canal<\/p>\n[\/vc_column_text][\/vc_column][vc_column width=\u00bb1\/3&#8243; offset=\u00bbvc_col-lg-4 vc_col-md-12&#8243;][vc_column_text css=\u00bb.vc_custom_1745378324733{margin-top: 20px !important;margin-right: 20px !important;margin-bottom: 20px !important;margin-left: 20px !important;}\u00bb]\n<h5 style=\"text-align: center;\"><b>El Acelerador de Inclusi\u00f3n Cultural y ANA AIMM<\/b><\/h5>\n<p style=\"text-align: center;\">Marcas Culturalmente M\u00e1s Eficaces, Categor\u00eda LGBTQ+ &#8211; Ganador de Bronce<\/p>\n[\/vc_column_text][\/vc_column][vc_column width=\u00bb1\/3&#8243; el_class=\u00bbblankbox\u00bb offset=\u00bbvc_col-lg-4 vc_col-md-12&#8243;][vc_column_text css=\u00bb.vc_custom_1717703651143{margin-top: 20px !important;margin-right: 20px !important;margin-bottom: 20px !important;margin-left: 20px !important;}\u00bb]\n<h5 style=\"text-align: center;\"><b>Los premios Ex<\/b><\/h5>\n<p style=\"text-align: center;\">SEPHORiA &#8211; FINALISTA DE PLATA al Mejor Uso de la Tecnolog\u00eda para Eventos<\/p>\n[\/vc_column_text][\/vc_column][\/vc_row][vc_row css=\u00bb.vc_custom_1637086285552{margin-bottom: 20px !important;}\u00bb el_class=\u00bbawardsrow\u00bb][vc_column width=\u00bb1\/3&#8243; offset=\u00bbvc_col-lg-4 vc_col-md-12&#8243;][vc_column_text css=\u00bb.vc_custom_1737739183234{margin-top: 20px !important;margin-right: 20px !important;margin-bottom: 20px !important;margin-left: 20px !important;}\u00bb]\n<h5 style=\"text-align: center;\"><b>Los Mejores Empleadores de Am\u00e9rica para Mujeres de Seg\u00fan Forbes<\/b><\/h5>\n<p style=\"text-align: center;\">Sephora ocupa el puesto n.\u00ba 39 de 600.<\/p>\n[\/vc_column_text][\/vc_column][vc_column width=\u00bb1\/3&#8243; offset=\u00bbvc_col-lg-4 vc_col-md-12&#8243;][vc_column_text css=\u00bb.vc_custom_1714600829924{margin-top: 20px !important;margin-right: 20px !important;margin-bottom: 20px !important;margin-left: 20px !important;}\u00bb]\n<h5 style=\"text-align: center;\"><b>Los mejores empleadores para la diversidad Forbes<\/b><\/h5>\n<p style=\"text-align: center;\">Sephora ocupa el puesto n\u00ba 189 de 500<\/p>\n[\/vc_column_text][\/vc_column][vc_column width=\u00bb1\/3&#8243; el_class=\u00bbblankbox\u00bb offset=\u00bbvc_col-lg-4 vc_col-md-12&#8243;][vc_column_text css=\u00bb.vc_custom_1714600847137{margin-top: 20px !important;margin-right: 20px !important;margin-bottom: 20px !important;margin-left: 20px !important;}\u00bb]\n<h5 style=\"text-align: center;\"><b>Las mejores marcas para el impacto social Forbes<\/b><\/h5>\n<p style=\"text-align: center;\">Sephora ocupa el puesto n\u00ba 27 de 300<\/p>\n[\/vc_column_text][\/vc_column][\/vc_row][vc_row css=\u00bb.vc_custom_1637086285552{margin-bottom: 20px !important;}\u00bb el_class=\u00bbawardsrow\u00bb][vc_column width=\u00bb1\/3&#8243; offset=\u00bbvc_col-lg-4 vc_col-md-12&#8243;][vc_column_text css=\u00bb.vc_custom_1707935866386{margin-top: 20px !important;margin-right: 20px !important;margin-bottom: 20px !important;margin-left: 20px !important;}\u00bb]\n<h5 style=\"text-align: center;\"><b>Las Mejores Grandes Empresas de Am\u00e9rica seg\u00fan Forbes<\/b><\/h5>\n<p style=\"text-align: center;\">Sephora ocupa el puesto n.\u00ba 293 de 600.<\/p>\n[\/vc_column_text][\/vc_column][vc_column width=\u00bb1\/3&#8243; offset=\u00bbvc_col-lg-4 vc_col-md-12&#8243;][vc_column_text css=\u00bb.vc_custom_1717703685828{margin-top: 20px !important;margin-right: 20px !important;margin-bottom: 20px !important;margin-left: 20px !important;}\u00bb]\n<h5 style=\"text-align: center;\"><b>Los mejores empleadores para nuevos graduados seg\u00fan Forbes<\/b><\/h5>\n<p style=\"text-align: center;\">Listado en puesto n\u00ba 211 de 400<\/p>\n[\/vc_column_text][\/vc_column][vc_column width=\u00bb1\/3&#8243; el_class=\u00bbblankbox\u00bb offset=\u00bbvc_col-lg-4 vc_col-md-12&#8243;][vc_column_text css=\u00bb.vc_custom_1714600814790{margin-top: 20px !important;margin-right: 20px !important;margin-bottom: 20px !important;margin-left: 20px !important;}\u00bb]\n<h5 style=\"text-align: center;\"><b>Mejor sdervicio al cliente Forbes<\/b><\/h5>\n<p style=\"text-align: center;\">Sephora ocupa el puesto n\u00ba 127 de 300<\/p>\n[\/vc_column_text][\/vc_column][\/vc_row][vc_row css=\u00bb.vc_custom_1637086285552{margin-bottom: 20px !important;}\u00bb el_class=\u00bbawardsrow\u00bb][vc_column width=\u00bb1\/3&#8243; offset=\u00bbvc_col-lg-4 vc_col-md-12&#8243;][vc_column_text css=\u00bb.vc_custom_1714600883936{margin-top: 20px !important;margin-right: 20px !important;margin-bottom: 20px !important;margin-left: 20px !important;}\u00bb]\n<h5 style=\"text-align: center;\"><b>Premios a la excelencia estrat\u00e9gica del Consejo de Mercadeo Hisp\u00e1nico<\/b><\/h5>\n<p style=\"text-align: center;\">Fundaci\u00f3n de la Belleza &#8211; Mejor Visi\u00f3n Cultural Hispana, Bronce<\/p>\n[\/vc_column_text][\/vc_column][vc_column width=\u00bb1\/3&#8243; offset=\u00bbvc_col-lg-4 vc_col-md-12&#8243;][vc_column_text css=\u00bb.vc_custom_1714600865507{margin-top: 20px !important;margin-right: 20px !important;margin-bottom: 20px !important;margin-left: 20px !important;}\u00bb]\n<h5 style=\"text-align: center;\"><b>Premios Muse<\/b><\/h5>\n<p style=\"text-align: center;\">Fundaci\u00f3n de la Belleza &#8211; Mejor Colaboraci\u00f3n Epis\u00f3dica de Influenciadores<\/p>\n[\/vc_column_text][\/vc_column][vc_column width=\u00bb1\/3&#8243; el_class=\u00bbblankbox\u00bb offset=\u00bbvc_col-lg-4 vc_col-md-12&#8243;][vc_column_text css=\u00bb.vc_custom_1737739327016{margin-top: 20px !important;margin-right: 20px !important;margin-bottom: 20px !important;margin-left: 20px !important;}\u00bb]\n<h5 style=\"text-align: center;\"><b>Los mejores minoristas de Estados Unidos en 2024, seg\u00fan Newsweek<\/b><\/h5>\n<p style=\"text-align: center;\">Sephora ocupa el puesto 3 de 5 en la categor\u00eda de \u00abPerfumer\u00eda y Cosm\u00e9tica\u00bb<\/p>\n[\/vc_column_text][\/vc_column][\/vc_row][vc_row css=\u00bb.vc_custom_1637086285552{margin-bottom: 20px !important;}\u00bb el_class=\u00bbawardsrow\u00bb][vc_column width=\u00bb1\/3&#8243; offset=\u00bbvc_col-lg-4 vc_col-md-12&#8243;][vc_column_text css=\u00bb.vc_custom_1737739338324{margin-top: 20px !important;margin-right: 20px !important;margin-bottom: 20px !important;margin-left: 20px !important;}\u00bb]\n<h5 style=\"text-align: center;\"><b>Revista People<\/b><\/h5>\n<p style=\"text-align: center;\">Lista de empresas comprometidas<\/p>\n[\/vc_column_text][\/vc_column][vc_column width=\u00bb1\/3&#8243; offset=\u00bbvc_col-lg-4 vc_col-md-12&#8243;][vc_column_text css=\u00bb.vc_custom_1717703618048{margin-top: 20px !important;margin-right: 20px !important;margin-bottom: 20px !important;margin-left: 20px !important;}\u00bb]\n<h5 style=\"text-align: center;\"><b>Premios Sello a la sostenibilidad empresarial<\/b><\/h5>\n<p style=\"text-align: center;\">Beauty (Re)Purposed: Premio a la innovaci\u00f3n sostenible<\/p>\n[\/vc_column_text][\/vc_column][vc_column width=\u00bb1\/3&#8243; el_class=\u00bbblankbox\u00bb offset=\u00bbvc_col-lg-4 vc_col-md-12&#8243;][vc_column_text css=\u00bb.vc_custom_1717703633701{margin-top: 20px !important;margin-right: 20px !important;margin-bottom: 20px !important;margin-left: 20px !important;}\u00bb]\n<h5 style=\"text-align: center;\"><b>Premios Shorty<\/b><\/h5>\n<p style=\"text-align: center;\">SEPHORiA: Categor\u00eda de eventos y experiencias HONOR DE ORO<\/p>\n[\/vc_column_text][\/vc_column][\/vc_row][vc_row][vc_column][vc_empty_space height=\u00bb30&#8243;][\/vc_column][\/vc_row]\n<\/div>","protected":false},"excerpt":{"rendered":"<p>[vc_row css=\u00bb.vc_custom_1636070139592{background-color: #000000 !important;}\u00bb][vc_column][vc_row_inner css=\u00bb.vc_custom_1636991395613{margin-top: 30px !important;margin-right: 30px !important;margin-bottom: 30px !important;margin-left: 30px !important;}\u00bb][vc_column_inner][vc_empty_space height=\u00bb30&#8243;][vc_column_text] Premios [\/vc_column_text][\/vc_column_inner][\/vc_row_inner][\/vc_column][\/vc_row][vc_row][vc_column][vc_empty_space height=\u00bb25px\u00bb][vc_text_separator title=\u00bb2026&#8243; css=\u00bb\u00bb el_class=\u00bbsubtitle\u00bb][vc_empty_space height=\u00bb25px\u00bb][\/vc_column][\/vc_row][vc_row css=\u00bb.vc_custom_1637086285552{margin-bottom: 20px !important;}\u00bb el_class=\u00bbawardsrow\u00bb][vc_column width=\u00bb1\/3&#8243; offset=\u00bbvc_col-lg-4 vc_col-md-12&#8243;][vc_column_text css=\u00bb.vc_custom_1776232232837{margin-top: 20px !important;margin-right: 20px !important;margin-bottom: 20px !important;margin-left: 20px !important;}\u00bb] Las empresas m\u00e1s innovadoras de FastCo Sephora ocupa el puesto n.\u00b0 4 de 10 \u2013 Belleza [\/vc_column_text][\/vc_column][vc_column width=\u00bb1\/3&#8243;&hellip;<\/p>\n","protected":false},"author":1,"featured_media":0,"parent":0,"menu_order":0,"comment_status":"closed","ping_status":"closed","template":"page-default.php","meta":{"footnotes":"","_links_to":"","_links_to_target":""},"class_list":["post-3041","page","type-page","status-publish","hentry"],"_links":{"self":[{"href":"https:\/\/newsroom.sephora.com\/es\/wp-json\/wp\/v2\/pages\/3041","targetHints":{"allow":["GET"]}}],"collection":[{"href":"https:\/\/newsroom.sephora.com\/es\/wp-json\/wp\/v2\/pages"}],"about":[{"href":"https:\/\/newsroom.sephora.com\/es\/wp-json\/wp\/v2\/types\/page"}],"author":[{"embeddable":true,"href":"https:\/\/newsroom.sephora.com\/es\/wp-json\/wp\/v2\/users\/1"}],"replies":[{"embeddable":true,"href":"https:\/\/newsroom.sephora.com\/es\/wp-json\/wp\/v2\/comments?post=3041"}],"version-history":[{"count":37,"href":"https:\/\/newsroom.sephora.com\/es\/wp-json\/wp\/v2\/pages\/3041\/revisions"}],"predecessor-version":[{"id":6149,"href":"https:\/\/newsroom.sephora.com\/es\/wp-json\/wp\/v2\/pages\/3041\/revisions\/6149"}],"wp:attachment":[{"href":"https:\/\/newsroom.sephora.com\/es\/wp-json\/wp\/v2\/media?parent=3041"}],"curies":[{"name":"wp","href":"https:\/\/api.w.org\/{rel}","templated":true}]}}