{"id":4166,"date":"2023-07-25T15:54:05","date_gmt":"2023-07-25T22:54:05","guid":{"rendered":"https:\/\/newsroom.sephora.com\/?page_id=4166"},"modified":"2023-07-26T13:28:58","modified_gmt":"2023-07-26T20:28:58","slug":"estudio-sobre-discriminacion-racial-en-comercios-minoristas-2023","status":"publish","type":"page","link":"https:\/\/newsroom.sephora.com\/es\/estudio-sobre-discriminacion-racial-en-comercios-minoristas-2023\/","title":{"rendered":"Estudio sobre Discriminaci\u00f3n Racial en Comercios Minoristas"},"content":{"rendered":"<div class=\"wpb-content-wrapper\">[vc_row css=\u00bb.vc_custom_1636068794320{background-color: #000000 !important;}\u00bb][vc_column][vc_row_inner css=\u00bb.vc_custom_1636068803070{margin-top: 30px !important;margin-right: 30px !important;margin-bottom: 30px !important;margin-left: 30px !important;}\u00bb][vc_column_inner][vc_empty_space height=\u00bb30px\u00bb][\/vc_column_inner][\/vc_row_inner][\/vc_column][\/vc_row][vc_row][vc_column][vc_empty_space height=\u00bb25px\u00bb][vc_text_separator title=\u00bbActualizado: Julio 2023&#8243; el_class=\u00bbsubtitle\u00bb][vc_empty_space height=\u00bb25px\u00bb][vc_row_inner][vc_column_inner width=\u00bb1\/2&#8243; css=\u00bb.vc_custom_1638425359621{margin-right: 0px !important;}\u00bb][vc_empty_space height=\u00bb10px\u00bb][vc_single_image image=\u00bb4167&#8243; img_size=\u00bb400&#215;225&#8243; alignment=\u00bbcenter\u00bb onclick=\u00bbcustom_link\u00bb img_link_target=\u00bb_blank\u00bb link=\u00bbhttps:\/\/newsroomsephora.s3.us-east-2.amazonaws.com\/2023-Sephora-DEIHeartJourneyReport-Final_072623_compressed.pdf\u00bb el_class=\u00bbprogressreport\u00bb][vc_column_text]\n<h5 style=\"text-align: center;\"><a href=\"https:\/\/newsroomsephora.s3.us-east-2.amazonaws.com\/2023-Sephora-DEIHeartJourneyReport-Final_072623_compressed.pdf\" target=\"_blank\" rel=\"noopener\"> Ver Informe Anual de DE&amp;I (.PDF)<\/a><\/h5>\n[\/vc_column_text][\/vc_column_inner][vc_column_inner width=\u00bb1\/2&#8243;][vc_empty_space height=\u00bb10px\u00bb][vc_column_text]\n<h4 style=\"text-align: center; color: #cc0000;\">Informe Anual de DE&amp;I<\/h4>\n<p style=\"text-align: center;\"><span style=\"font-weight: 400;\">En Sephora, ser pioneros e innovadores audaces en la industria de la belleza forma parte de los valores que incorporamos en nuestro trabajo diario. En junio de 2020, anunciamos la continuidad de varios compromisos para generar una experiencia inclusiva en la tienda y en el lugar de trabajo, para que todos se sientan hermosos y tengan un sentido de pertenencia.\u00a0<\/span><\/p>\n<p style=\"text-align: center;\"><span style=\"font-weight: 400;\">A partir de ese anuncio y a trav\u00e9s de nuestras 11 iniciativas de DE&amp;I, hemos avanzado en la lucha contra la discriminaci\u00f3n en todos los aspectos de nuestra organizaci\u00f3n<\/span> <span style=\"font-weight: 400;\"> que abarca las \u00e1reas de marketing <\/span><span style=\"font-weight: 400;\">, promoci\u00f3n comercial, contrataci\u00f3n, capacitaci\u00f3n, operaciones y experiencia en la tienda. <\/span><span style=\"font-weight: 400;\">Ahora, nos complace compartir nuestro \u00faltimo informe de progreso, el Informe Anual Heart Journey de DE&amp;I 2023, para tener una mirada m\u00e1s profunda de nuestras iniciativas de DE&amp;I y de su impacto en toda la organizaci\u00f3n.<\/span><\/p>\n<p style=\"text-align: center;\"><span style=\"font-weight: 400;\">Todav\u00eda hay trabajo por hacer, pero si miramos lo que hemos logrado hasta ahora, estoy orgulloso de los avances que el equipo de Sephora ha logrado y me apasiona continuar trabajando para lograr un futuro m\u00e1s inclusivo.\u00a0<\/span><\/p>\n<p style=\"text-align: center;\">George-Axelle Broussillon Matschinga<br \/>\nVicepresidente de Diversidad, Equidad e Inclusi\u00f3n, Sephora<\/p>\n[\/vc_column_text][\/vc_column_inner][\/vc_row_inner][\/vc_column][\/vc_row][vc_row][vc_column][vc_empty_space height=\u00bb25px\u00bb][vc_text_separator title=\u00bbInformes Anteriores\u00bb el_class=\u00bbsubtitle\u00bb][vc_row_inner][vc_column_inner width=\u00bb1\/2&#8243;]\t<a class=\"btn-block   style1  vc_custom_1690326456125\" href=\"http:\/\/newsroom.sephora.com\/wp-content\/uploads\/2023\/02\/External-Final-Sephora-DEI-Heart-Journey-Report-2022-compressed.pdf\" target=\"_blank\" role=\"button\" title=\"Informe de Octubre de 2022\">\n\t\t<div class=\"cover-bg\"><\/div>\n\t\t<span>Informe de Octubre de 2022<\/span>\n\t<\/a>\n\t[\/vc_column_inner][vc_column_inner width=\u00bb1\/2&#8243;]\t<a class=\"btn-block   style1  vc_custom_1690326437313\" href=\"http:\/\/newsroom.sephora.com\/wp-content\/uploads\/2023\/02\/Sephora_Fact_Sheet_June_2021_v510.pdf\" target=\"_blank\" role=\"button\" title=\"Informe Julio 2021\">\n\t\t<div class=\"cover-bg\"><\/div>\n\t\t<span>Informe Julio 2021<\/span>\n\t<\/a>\n\t[\/vc_column_inner][\/vc_row_inner][vc_empty_space height=\u00bb25px\u00bb][vc_text_separator title=\u00bbEnero de 2021&#8243; el_class=\u00bbsubtitle\u00bb][vc_empty_space height=\u00bb25px\u00bb][vc_column_text]\n<h2 style=\"text-align: center;\">Estudio sobre Discriminaci\u00f3n Racial en Comercios Minoristas<\/h2>\n<h4 style=\"text-align: center;\">Encargado por Sephora<\/h4>\n[\/vc_column_text][vc_raw_html]PGNlbnRlcj48ZGl2IHN0eWxlPSJ3aWR0aDo4MCU7Ij48c3R5bGU+LmVtYmVkLWNvbnRhaW5lciB7IHBvc2l0aW9uOiByZWxhdGl2ZTsgcGFkZGluZy1ib3R0b206IDU2LjI1JTsgaGVpZ2h0OiAwOyBvdmVyZmxvdzogaGlkZGVuOyBtYXgtd2lkdGg6IDEwMCU7IH0gLmVtYmVkLWNvbnRhaW5lciBpZnJhbWUsIC5lbWJlZC1jb250YWluZXIgb2JqZWN0LCAuZW1iZWQtY29udGFpbmVyIGVtYmVkIHsgcG9zaXRpb246IGFic29sdXRlOyB0b3A6IDA7IGxlZnQ6IDA7IHdpZHRoOiAxMDAlOyBoZWlnaHQ6IDEwMCU7IH08L3N0eWxlPjxkaXYgY2xhc3M9J2VtYmVkLWNvbnRhaW5lcic+PGlmcmFtZSBzcmM9J2h0dHBzOi8vcGxheWVyLnZpbWVvLmNvbS92aWRlby80OTk5MzAxNzM\/dGV4dHRyYWNrPWVuJyBmcmFtZWJvcmRlcj0nMCcgd2Via2l0QWxsb3dGdWxsU2NyZWVuIG1vemFsbG93ZnVsbHNjcmVlbiBhbGxvd0Z1bGxTY3JlZW4+PC9pZnJhbWU+PC9kaXY+CjwvZGl2PjwvY2VudGVyPg==[\/vc_raw_html][vc_text_separator title=\u00bbDescargas\u00bb el_class=\u00bbsubtitle\u00bb][vc_empty_space height=\u00bb25px\u00bb][\/vc_column][\/vc_row][vc_row][vc_column width=\u00bb1\/3&#8243;]\t<a class=\"btn-block   style1  vc_custom_1675963355448\" href=\"http:\/\/newsroom.sephora.com\/wp-content\/uploads\/2023\/02\/RacialBias-Sephora_PressRelease.pdf\" target=\"_blank\" role=\"button\" title=\"Press Release - English\">\n\t\t<div class=\"cover-bg\"><\/div>\n\t\t<span>Press Release - English<\/span>\n\t<\/a>\n\t\t<a class=\"btn-block   style1  vc_custom_1675963385137\" href=\"http:\/\/newsroom.sephora.com\/wp-content\/uploads\/2023\/02\/RacialBiasinRetailStudyAnnouncementSPANISHFINAL.pdf\" target=\"_blank\" role=\"button\" title=\"Press Release - Spanish\">\n\t\t<div class=\"cover-bg\"><\/div>\n\t\t<span>Press Release - Spanish<\/span>\n\t<\/a>\n\t[\/vc_column][vc_column width=\u00bb1\/3&#8243;]\t<a class=\"btn-block   style1  vc_custom_1675963366553\" href=\"http:\/\/newsroom.sephora.com\/wp-content\/uploads\/2023\/02\/Sephora_RacialBias_eBook_FInal.pdf\" target=\"_blank\" role=\"button\" title=\"EBOOK\">\n\t\t<div class=\"cover-bg\"><\/div>\n\t\t<span>EBOOK<\/span>\n\t<\/a>\n\t[\/vc_column][vc_column width=\u00bb1\/3&#8243;]\t<a class=\"btn-block   style1  vc_custom_1675963375167\" href=\"http:\/\/newsroom.sephora.com\/wp-content\/uploads\/2023\/02\/Sephora_RacialBiasIG_FINAL-infographic.pdf\" target=\"_blank\" role=\"button\" title=\"Infographic\">\n\t\t<div class=\"cover-bg\"><\/div>\n\t\t<span>Infographic<\/span>\n\t<\/a>\n\t[\/vc_column][\/vc_row]\n<\/div>","protected":false},"excerpt":{"rendered":"<p>[vc_row css=\u00bb.vc_custom_1636068794320{background-color: #000000 !important;}\u00bb][vc_column][vc_row_inner css=\u00bb.vc_custom_1636068803070{margin-top: 30px !important;margin-right: 30px !important;margin-bottom: 30px !important;margin-left: 30px !important;}\u00bb][vc_column_inner][vc_empty_space height=\u00bb30px\u00bb][\/vc_column_inner][\/vc_row_inner][\/vc_column][\/vc_row][vc_row][vc_column][vc_empty_space height=\u00bb25px\u00bb][vc_text_separator title=\u00bbActualizado: Julio 2023&#8243; el_class=\u00bbsubtitle\u00bb][vc_empty_space height=\u00bb25px\u00bb][vc_row_inner][vc_column_inner width=\u00bb1\/2&#8243; css=\u00bb.vc_custom_1638425359621{margin-right: 0px !important;}\u00bb][vc_empty_space height=\u00bb10px\u00bb][vc_single_image image=\u00bb4167&#8243; img_size=\u00bb400&#215;225&#8243; alignment=\u00bbcenter\u00bb onclick=\u00bbcustom_link\u00bb img_link_target=\u00bb_blank\u00bb link=\u00bbhttps:\/\/newsroomsephora.s3.us-east-2.amazonaws.com\/2023-Sephora-DEIHeartJourneyReport-Final_072623_compressed.pdf\u00bb el_class=\u00bbprogressreport\u00bb][vc_column_text] Ver Informe Anual de DE&amp;I (.PDF) [\/vc_column_text][\/vc_column_inner][vc_column_inner width=\u00bb1\/2&#8243;][vc_empty_space height=\u00bb10px\u00bb][vc_column_text] Informe Anual de DE&amp;I En Sephora, ser pioneros e innovadores audaces en la industria&hellip;<\/p>\n","protected":false},"author":1,"featured_media":0,"parent":0,"menu_order":0,"comment_status":"closed","ping_status":"closed","template":"page-default.php","meta":{"footnotes":"","_links_to":"","_links_to_target":""},"class_list":["post-4166","page","type-page","status-publish","hentry"],"_links":{"self":[{"href":"https:\/\/newsroom.sephora.com\/es\/wp-json\/wp\/v2\/pages\/4166","targetHints":{"allow":["GET"]}}],"collection":[{"href":"https:\/\/newsroom.sephora.com\/es\/wp-json\/wp\/v2\/pages"}],"about":[{"href":"https:\/\/newsroom.sephora.com\/es\/wp-json\/wp\/v2\/types\/page"}],"author":[{"embeddable":true,"href":"https:\/\/newsroom.sephora.com\/es\/wp-json\/wp\/v2\/users\/1"}],"replies":[{"embeddable":true,"href":"https:\/\/newsroom.sephora.com\/es\/wp-json\/wp\/v2\/comments?post=4166"}],"version-history":[{"count":0,"href":"https:\/\/newsroom.sephora.com\/es\/wp-json\/wp\/v2\/pages\/4166\/revisions"}],"wp:attachment":[{"href":"https:\/\/newsroom.sephora.com\/es\/wp-json\/wp\/v2\/media?parent=4166"}],"curies":[{"name":"wp","href":"https:\/\/api.w.org\/{rel}","templated":true}]}}