{"id":6096,"date":"2026-02-18T09:38:14","date_gmt":"2026-02-18T17:38:14","guid":{"rendered":"https:\/\/newsroom.sephora.com\/sephora-accelerate-3\/"},"modified":"2026-03-04T21:12:06","modified_gmt":"2026-03-05T05:12:06","slug":"sephora-accelerate","status":"publish","type":"page","link":"https:\/\/newsroom.sephora.com\/es\/sephora-accelerate\/","title":{"rendered":"Sephora Accelerate"},"content":{"rendered":"<div class=\"wpb-content-wrapper\">[vc_row css=\u00bb.vc_custom_1636068794320{background-color: #000000 !important;}\u00bb][vc_column][vc_row_inner css=\u00bb.vc_custom_1771473315885{margin-top: 10px !important;margin-right: 30px !important;margin-bottom: 10px !important;margin-left: 30px !important;}\u00bb][vc_column_inner][vc_empty_space height=\u00bb30px\u00bb][vc_column_text css=\u00bb\u00bb]\n<p><center><br \/>\n<img decoding=\"async\" src=\"https:\/\/www.lawnmowerlawnmower.com\/se-news\/accelerate_2026\/Accelerate-Final-Logo-Release_stacked-white.png\" alt=\"Sephora Accelerate Brand Incubation Program centrado en los fundadores de color\" width=\"350\" \/><\/center>[\/vc_column_text][\/vc_column_inner][\/vc_row_inner][\/vc_column][\/vc_row][vc_row][vc_column][vc_column_text css=\u00bb\u00bb]\n<p><center><img decoding=\"async\" src=\"https:\/\/www.lawnmowerlawnmower.com\/se-news\/accelerate_2026\/Accelerate-Final-Logo-Release_stacked-black-1tagB.png\" alt=\"Accelerate Flower Icon\" width=\"400\" \/><\/center>[\/vc_column_text][vc_row_inner][vc_column_inner][vc_column_text css=\u00bb\u00bb]\n<p style=\"text-align: center;\"><span style=\"font-weight: 400;\">Accelerate:Sephora Accelerate es una oportunidad \u00fanica en la vida para que las marcas se desarrollen, perfeccionen y crezcan con el poder de Sephora. Desde mentor\u00edas y comunidad, hasta recursos, y una oportunidad para lanzar tu marca en Sephora, se trata de un programa de incubaci\u00f3n de marcas que impulsa a la pr\u00f3xima generaci\u00f3n de fundadores para que podamos evolucionar juntos el futuro de la belleza. <\/span><\/p>\n<p style=\"text-align: center;\"><span style=\"font-weight: 400;\">Para obtener m\u00e1s informaci\u00f3n sobre el programa, visite <a href=\"https:\/\/accelerate.sephora.com\/\" target=\"_blank\" rel=\"noopener\">accelerate.sephora.com<\/a><\/span><\/p>\n[\/vc_column_text][\/vc_column_inner][\/vc_row_inner][vc_empty_space height=\u00bb10px\u00bb][vc_row_inner el_class=\u00bbmobile-swipe-row\u00bb][vc_column_inner width=\u00bb1\/3&#8243;]\t<div id=\"thb-image-69d285d005ab6\" class=\"caption-style1  alignleft   thb_image_link wp-caption\">\n\t\t\t<div class=\"thb-image-inner size_100\">\n\t\t\t<img loading=\"lazy\" decoding=\"async\" width=\"800\" height=\"1000\" src=\"https:\/\/newsroom.sephora.com\/wp-content\/uploads\/2026\/02\/CAROUSEL-IMAGE-01.jpg\" class=\"thb_image   attachment-full\" alt=\"Photo of desk\" title=\"CAROUSEL-IMAGE-01\" srcset=\"https:\/\/newsroom.sephora.com\/wp-content\/uploads\/2026\/02\/CAROUSEL-IMAGE-01.jpg 800w, https:\/\/newsroom.sephora.com\/wp-content\/uploads\/2026\/02\/CAROUSEL-IMAGE-01-240x300.jpg 240w, https:\/\/newsroom.sephora.com\/wp-content\/uploads\/2026\/02\/CAROUSEL-IMAGE-01-768x960.jpg 768w, https:\/\/newsroom.sephora.com\/wp-content\/uploads\/2026\/02\/CAROUSEL-IMAGE-01-370x463.jpg 370w, https:\/\/newsroom.sephora.com\/wp-content\/uploads\/2026\/02\/CAROUSEL-IMAGE-01-740x925.jpg 740w, https:\/\/newsroom.sephora.com\/wp-content\/uploads\/2026\/02\/CAROUSEL-IMAGE-01-20x25.jpg 20w, https:\/\/newsroom.sephora.com\/wp-content\/uploads\/2026\/02\/CAROUSEL-IMAGE-01-38x48.jpg 38w\" sizes=\"auto, (max-width: 800px) 100vw, 800px\" \/>\t\t<\/div>\n\t\t\t\t\t<\/div>\n\t[\/vc_column_inner][vc_column_inner width=\u00bb1\/3&#8243;]\t<div id=\"thb-image-69d285d006664\" class=\"caption-style1  alignleft   thb_image_link wp-caption\">\n\t\t\t<div class=\"thb-image-inner size_100\">\n\t\t\t<img loading=\"lazy\" decoding=\"async\" width=\"800\" height=\"1000\" src=\"https:\/\/newsroom.sephora.com\/wp-content\/uploads\/2026\/02\/CAROUSEL-IMAGE-02.jpg\" class=\"thb_image   attachment-full\" alt=\"Photo of chart\" title=\"CAROUSEL-IMAGE-02\" srcset=\"https:\/\/newsroom.sephora.com\/wp-content\/uploads\/2026\/02\/CAROUSEL-IMAGE-02.jpg 800w, https:\/\/newsroom.sephora.com\/wp-content\/uploads\/2026\/02\/CAROUSEL-IMAGE-02-240x300.jpg 240w, https:\/\/newsroom.sephora.com\/wp-content\/uploads\/2026\/02\/CAROUSEL-IMAGE-02-768x960.jpg 768w, https:\/\/newsroom.sephora.com\/wp-content\/uploads\/2026\/02\/CAROUSEL-IMAGE-02-370x463.jpg 370w, https:\/\/newsroom.sephora.com\/wp-content\/uploads\/2026\/02\/CAROUSEL-IMAGE-02-740x925.jpg 740w, https:\/\/newsroom.sephora.com\/wp-content\/uploads\/2026\/02\/CAROUSEL-IMAGE-02-20x25.jpg 20w, https:\/\/newsroom.sephora.com\/wp-content\/uploads\/2026\/02\/CAROUSEL-IMAGE-02-38x48.jpg 38w\" sizes=\"auto, (max-width: 800px) 100vw, 800px\" \/>\t\t<\/div>\n\t\t\t\t\t<\/div>\n\t[\/vc_column_inner][vc_column_inner width=\u00bb1\/3&#8243;]\t<div id=\"thb-image-69d285d00716d\" class=\"caption-style1  alignleft   thb_image_link wp-caption\">\n\t\t\t<div class=\"thb-image-inner size_100\">\n\t\t\t<img loading=\"lazy\" decoding=\"async\" width=\"800\" height=\"1000\" src=\"https:\/\/newsroom.sephora.com\/wp-content\/uploads\/2026\/02\/CAROUSEL-IMAGE-03.jpg\" class=\"thb_image   attachment-full\" alt=\"Photo of desk\" title=\"CAROUSEL-IMAGE-03\" srcset=\"https:\/\/newsroom.sephora.com\/wp-content\/uploads\/2026\/02\/CAROUSEL-IMAGE-03.jpg 800w, https:\/\/newsroom.sephora.com\/wp-content\/uploads\/2026\/02\/CAROUSEL-IMAGE-03-240x300.jpg 240w, https:\/\/newsroom.sephora.com\/wp-content\/uploads\/2026\/02\/CAROUSEL-IMAGE-03-768x960.jpg 768w, https:\/\/newsroom.sephora.com\/wp-content\/uploads\/2026\/02\/CAROUSEL-IMAGE-03-370x463.jpg 370w, https:\/\/newsroom.sephora.com\/wp-content\/uploads\/2026\/02\/CAROUSEL-IMAGE-03-740x925.jpg 740w, https:\/\/newsroom.sephora.com\/wp-content\/uploads\/2026\/02\/CAROUSEL-IMAGE-03-20x25.jpg 20w, https:\/\/newsroom.sephora.com\/wp-content\/uploads\/2026\/02\/CAROUSEL-IMAGE-03-38x48.jpg 38w\" sizes=\"auto, (max-width: 800px) 100vw, 800px\" \/>\t\t<\/div>\n\t\t\t\t\t<\/div>\n\t[\/vc_column_inner][\/vc_row_inner][vc_empty_space height=\u00bb25px\u00bb][vc_empty_space height=\u00bb25px\u00bb][vc_text_separator title=\u00bbMarcas Lanzadas por Accelerate\u00bb css=\u00bb\u00bb el_class=\u00bbsubtitle\u00bb][vc_empty_space height=\u00bb25px\u00bb][vc_column_text css=\u00bb\u00bb el_class=\u00bbtextblockdescription\u00bb]\n<p style=\"text-align: center;\"><span style=\"font-weight: 400;\">Estamos encantados de contar con tantas impresionantes Marcas Lanzadas por Accelerate que han completado con \u00e9xito el programa, ayud\u00e1ndonos a evolucionar juntos el futuro de la belleza. <\/span><\/p>\n[\/vc_column_text][vc_empty_space height=\u00bb25px\u00bb][vc_raw_html css=\u00bb\u00bb]JTNDc3R5bGUlM0UlMEElMDklMDklMDklMDkubWF3X19tb2RhbF9wb3B1cF9ib3glMjAucG9wdXAtNDM2JTNBaG92ZXIlMjAlN0IlMEElMDklMDklMDklMDklMDliYWNrZ3JvdW5kJTNBJTIwJTIwJTIxaW1wb3J0YW50JTNCJTBBJTA5JTA5JTA5JTA5JTA5Y29sb3IlM0ElMjAlMjAlMjFpbXBvcnRhbnQlM0IlMEElMDklMDklMDklMDklN0QlMEElMDklMEElMDklMEElMDkuY29udGFpbmVyZm9yaG92ZXIlMjAlN0IlMEElMDklMjAlMjBwb3NpdGlvbiUzQSUyMHJlbGF0aXZlJTNCJTBBJTA5JTIwJTIwd2lkdGglM0ElMjAxMDAlMjUlM0IlMEElMDklN0QlMEElMDklMEElMDkuaW1hZ2UlMjAlN0IlMEElMDklMjAlMjBvcGFjaXR5JTNBJTIwMSUzQiUwQSUwOSUyMCUyMGRpc3BsYXklM0ElMjBibG9jayUzQiUwQSUwOSUyMCUyMHdpZHRoJTNBJTIwMTAwJTI1JTNCJTBBJTA5JTIwJTIwaGVpZ2h0JTNBJTIwYXV0byUzQiUwQSUwOSUyMCUyMGJhY2tmYWNlLXZpc2liaWxpdHklM0ElMjBoaWRkZW4lM0IlMEElMDklN0QlMEElMDklMEElMDkubWlkZGxlJTIwJTdCJTBBJTA5JTIwJTIwb3BhY2l0eSUzQSUyMDAlM0IlMEElMDklMjAlMjBwb3NpdGlvbiUzQSUyMGFic29sdXRlJTNCJTBBJTA5JTIwJTIwdG9wJTNBJTIwNTAlMjUlM0IlMEElMDklMjAlMjBsZWZ0JTNBJTIwNTAlMjUlM0IlMEElMDklMjAlMjB0cmFuc2Zvcm0lM0ElMjB0cmFuc2xhdGUlMjgtNTAlMjUlMkMlMjAtNTAlMjUlMjklM0IlMEElMDklMjAlMjAtbXMtdHJhbnNmb3JtJTNBJTIwdHJhbnNsYXRlJTI4LTUwJTI1JTJDJTIwLTUwJTI1JTI5JTNCJTBBJTA5JTIwJTIwdGV4dC1hbGlnbiUzQSUyMGNlbnRlciUzQiUwQSUwOSU3RCUwQSUwOSUwQSUwOS5jb250YWluZXJmb3Job3ZlciUzQWhvdmVyJTIwLmltYWdlJTIwJTdCJTBBJTA5JTIwJTIwb3BhY2l0eSUzQSUyMDAuMyUzQiUwQSUwOSU3RCUwQSUwOSUwQSUwOS5jb250YWluZXJmb3Job3ZlciUzQWhvdmVyJTIwLm1pZGRsZSUyMCU3QiUwQSUwOSUyMCUyMG9wYWNpdHklM0ElMjAxJTNCJTBBJTA5JTdEJTBBJTA5JTBBJTA5LnRleHQlMjAlN0IlMEElMDklMjAlMjBiYWNrZ3JvdW5kLWNvbG9yJTNBJTIwJTIzYTMwYjE5JTNCJTBBJTA5JTIwJTIwY29sb3IlM0ElMjB3aGl0ZSUzQiUwQSUwOSUyMCUyMGZvbnQtc2l6ZSUzQSUyMDE1cHglM0IlMEElMDklMjAlMjBwYWRkaW5nJTNBJTIwMTJweCUyMDI0cHglM0IlMEElMDklN0QlMEElMDklMEElMDklMEElMDkuY2lyY3VsYXItLXNxdWFyZSUyMCU3QiUyMGJvcmRlci1yYWRpdXMlM0ElMjA1MCUyNSUzQiUyMHBhZGRpbmctYm90dG9tJTNBMjBweCUzQiUyMCU3RCUwQSUwOSUwQSUwOSUwQSUwOS52Y19jb2x1bW4taW5uZXIlMjAlN0JwYWRkaW5nLWJvdHRvbSUzQTIwcHglM0IlN0QlMEElMDklMDklMDklM0MlMkZzdHlsZSUzRSUwQSUwOSUwQSUwOSUzQ2NlbnRlciUzRSUwQSUwOSUwQSUwOSUwQSUwOSUzQ2RpdiUyMGNsYXNzJTNEJTIycm93JTIwd3BiX3JvdyUyMHJvdy1mbHVpZCUyMiUyMHN0eWxlJTNEJTIydGV4dC1hbGlnbiUzQSUyMGNlbnRlciUzQm1heC13aWR0aCUzQTEyMDBweCUzQm1hcmdpbi10b3AlM0EwcHglM0IlMjIlM0UlMEElMDklMEElMDklMEElMDklMEElMDklMDklMEElMDklMEElMDklMEElMDklMEElMDklM0NkaXYlMjBjbGFzcyUzRCUyMndwYl9jb2x1bW4lMjBjb2x1bW5zJTIwbWVkaXVtLTMlMjB0aGItZGFyay1jb2x1bW4lMjBzbWFsbC02JTIyJTNFJTBBJTA5JTNDZGl2JTIwY2xhc3MlM0QlMjJ2Y19jb2x1bW4taW5uZXIlMjAlMjAlMjIlM0UlMDklMDklMDklMDklMEElMDklM0NjZW50ZXIlM0UlMEElMDklM0NpbWclMjBzcmMlM0QlMjJodHRwcyUzQSUyRiUyRnd3dy5sYXdubW93ZXJsYXdubW93ZXIuY29tJTJGc2UtbmV3cyUyRmFjY2VsZXJhdGVfMjAyNiUyRmFsdW1uaSUyRjU0dGhyb25lcy5wbmclMjIlMjBhbHQlM0QlMjJsb2dvJTIyJTNFJTBBJTA5JTNDJTJGY2VudGVyJTNFJTBBJTA5JTNDJTJGZGl2JTNFJTBBJTA5JTNDJTJGZGl2JTNFJTBBJTA5JTNDZGl2JTIwY2xhc3MlM0QlMjJ3cGJfY29sdW1uJTIwY29sdW1ucyUyMG1lZGl1bS0zJTIwdGhiLWRhcmstY29sdW1uJTIwc21hbGwtNiUyMiUzRSUwQSUwOSUzQ2RpdiUyMGNsYXNzJTNEJTIydmNfY29sdW1uLWlubmVyJTIwJTIwJTIyJTNFJTA5JTA5JTA5JTA5JTBBJTA5JTNDY2VudGVyJTNFJTBBJTA5JTNDaW1nJTIwc3JjJTNEJTIyaHR0cHMlM0ElMkYlMkZ3d3cubGF3bm1vd2VybGF3bm1vd2VyLmNvbSUyRnNlLW5ld3MlMkZhY2NlbGVyYXRlXzIwMjYlMkZhbHVtbmklMkZiYW51LnBuZyUyMiUyMGFsdCUzRCUyMmxvZ28lMjIlM0UlMEElMDklM0MlMkZjZW50ZXIlM0UlMEElMDklM0MlMkZkaXYlM0UlMEElMDklM0MlMkZkaXYlM0UlMEElMDklM0NkaXYlMjBjbGFzcyUzRCUyMndwYl9jb2x1bW4lMjBjb2x1bW5zJTIwbWVkaXVtLTMlMjB0aGItZGFyay1jb2x1bW4lMjBzbWFsbC02JTIyJTNFJTBBJTA5JTNDZGl2JTIwY2xhc3MlM0QlMjJ2Y19jb2x1bW4taW5uZXIlMjAlMjAlMjIlM0UlMDklMDklMDklMDklMEElMDklM0NjZW50ZXIlM0UlMEElMDklM0NpbWclMjBzcmMlM0QlMjJodHRwcyUzQSUyRiUyRnd3dy5sYXdubW93ZXJsYXdubW93ZXIuY29tJTJGc2UtbmV3cyUyRmFjY2VsZXJhdGVfMjAyNiUyRmFsdW1uaSUyRmJhc21hLnBuZyUyMiUyMGFsdCUzRCUyMmxvZ28lMjIlM0UlMEElMDklM0MlMkZjZW50ZXIlM0UlMEElMDklM0MlMkZkaXYlM0UlMEElMDklM0MlMkZkaXYlM0UlMEElMDklM0NkaXYlMjBjbGFzcyUzRCUyMndwYl9jb2x1bW4lMjBjb2x1bW5zJTIwbWVkaXVtLTMlMjB0aGItZGFyay1jb2x1bW4lMjBzbWFsbC02JTIyJTNFJTBBJTA5JTNDZGl2JTIwY2xhc3MlM0QlMjJ2Y19jb2x1bW4taW5uZXIlMjAlMjAlMjIlM0UlMDklMDklMDklMDklMEElMDklM0NjZW50ZXIlM0UlMEElMDklM0NpbWclMjBzcmMlM0QlMjJodHRwcyUzQSUyRiUyRnd3dy5sYXdubW93ZXJsYXdubW93ZXIuY29tJTJGc2UtbmV3cyUyRmFjY2VsZXJhdGVfMjAyNiUyRmFsdW1uaSUyRmJyb3duZ2lybGphbmUucG5nJTIyJTIwYWx0JTNEJTIybG9nbyUyMiUzRSUwQSUwOSUzQyUyRmNlbnRlciUzRSUwQSUwOSUzQyUyRmRpdiUzRSUwQSUwOSUzQyUyRmRpdiUzRSUwQSUwOSUzQ2RpdiUyMGNsYXNzJTNEJTIyd3BiX2NvbHVtbiUyMGNvbHVtbnMlMjBtZWRpdW0tMyUyMHRoYi1kYXJrLWNvbHVtbiUyMHNtYWxsLTYlMjIlM0UlMEElMDklM0NkaXYlMjBjbGFzcyUzRCUyMnZjX2NvbHVtbi1pbm5lciUyMCUyMCUyMiUzRSUwOSUwOSUwOSUwOSUwQSUwOSUzQ2NlbnRlciUzRSUwQSUwOSUzQ2ltZyUyMHNyYyUzRCUyMmh0dHBzJTNBJTJGJTJGd3d3Lmxhd25tb3dlcmxhd25tb3dlci5jb20lMkZzZS1uZXdzJTJGYWNjZWxlcmF0ZV8yMDI2JTJGYWx1bW5pJTJGZWFkZW0ucG5nJTIyJTIwYWx0JTNEJTIybG9nbyUyMiUzRSUwQSUwOSUzQyUyRmNlbnRlciUzRSUwQSUwOSUzQyUyRmRpdiUzRSUwQSUwOSUzQyUyRmRpdiUzRSUwQSUwOSUzQ2RpdiUyMGNsYXNzJTNEJTIyd3BiX2NvbHVtbiUyMGNvbHVtbnMlMjBtZWRpdW0tMyUyMHRoYi1kYXJrLWNvbHVtbiUyMHNtYWxsLTYlMjIlM0UlMEElMDklM0NkaXYlMjBjbGFzcyUzRCUyMnZjX2NvbHVtbi1pbm5lciUyMCUyMCUyMiUzRSUwOSUwOSUwOSUwOSUwQSUwOSUzQ2NlbnRlciUzRSUwQSUwOSUzQ2ltZyUyMHNyYyUzRCUyMmh0dHBzJTNBJTJGJTJGd3d3Lmxhd25tb3dlcmxhd25tb3dlci5jb20lMkZzZS1uZXdzJTJGYWNjZWxlcmF0ZV8yMDI2JTJGYWx1bW5pJTJGZmFyYWhvbWlkaS5wbmclMjIlMjBhbHQlM0QlMjJsb2dvJTIyJTNFJTBBJTA5JTNDJTJGY2VudGVyJTNFJTBBJTA5JTNDJTJGZGl2JTNFJTBBJTA5JTNDJTJGZGl2JTNFJTBBJTA5JTNDZGl2JTIwY2xhc3MlM0QlMjJ3cGJfY29sdW1uJTIwY29sdW1ucyUyMG1lZGl1bS0zJTIwdGhiLWRhcmstY29sdW1uJTIwc21hbGwtNiUyMiUzRSUwQSUwOSUzQ2RpdiUyMGNsYXNzJTNEJTIydmNfY29sdW1uLWlubmVyJTIwJTIwJTIyJTNFJTA5JTA5JTA5JTA5JTBBJTA5JTNDY2VudGVyJTNFJTBBJTA5JTNDaW1nJTIwc3JjJTNEJTIyaHR0cHMlM0ElMkYlMkZ3d3cubGF3bm1vd2VybGF3bm1vd2VyLmNvbSUyRnNlLW5ld3MlMkZhY2NlbGVyYXRlXzIwMjYlMkZhbHVtbmklMkZoYXJsZW1wZXJmdW1lY28ucG5nJTIyJTIwYWx0JTNEJTIybG9nbyUyMiUzRSUwQSUwOSUzQyUyRmNlbnRlciUzRSUwQSUwOSUzQyUyRmRpdiUzRSUwQSUwOSUzQyUyRmRpdiUzRSUwQSUwOSUzQ2RpdiUyMGNsYXNzJTNEJTIyd3BiX2NvbHVtbiUyMGNvbHVtbnMlMjBtZWRpdW0tMyUyMHRoYi1kYXJrLWNvbHVtbiUyMHNtYWxsLTYlMjIlM0UlMEElMDklM0NkaXYlMjBjbGFzcyUzRCUyMnZjX2NvbHVtbi1pbm5lciUyMCUyMCUyMiUzRSUwOSUwOSUwOSUwOSUwQSUwOSUzQ2NlbnRlciUzRSUwQSUwOSUzQ2ltZyUyMHNyYyUzRCUyMmh0dHBzJTNBJTJGJTJGd3d3Lmxhd25tb3dlcmxhd25tb3dlci5jb20lMkZzZS1uZXdzJTJGYWNjZWxlcmF0ZV8yMDI2JTJGYWx1bW5pJTJGa2F0aW4ucG5nJTIyJTIwYWx0JTNEJTIybG9nbyUyMiUzRSUwQSUwOSUzQyUyRmNlbnRlciUzRSUwQSUwOSUzQyUyRmRpdiUzRSUwQSUwOSUzQyUyRmRpdiUzRSUwQSUwOSUzQ2RpdiUyMGNsYXNzJTNEJTIyd3BiX2NvbHVtbiUyMGNvbHVtbnMlMjBtZWRpdW0tMyUyMHRoYi1kYXJrLWNvbHVtbiUyMHNtYWxsLTYlMjIlM0UlMEElMDklM0NkaXYlMjBjbGFzcyUzRCUyMnZjX2NvbHVtbi1pbm5lciUyMCUyMCUyMiUzRSUwOSUwOSUwOSUwOSUwQSUwOSUzQ2NlbnRlciUzRSUwQSUwOSUzQ2ltZyUyMHNyYyUzRCUyMmh0dHBzJTNBJTJGJTJGd3d3Lmxhd25tb3dlcmxhd25tb3dlci5jb20lMkZzZS1uZXdzJTJGYWNjZWxlcmF0ZV8yMDI2JTJGYWx1bW5pJTJGa3VsZmkucG5nJTIyJTIwYWx0JTNEJTIybG9nbyUyMiUzRSUwQSUwOSUzQyUyRmNlbnRlciUzRSUwQSUwOSUzQyUyRmRpdiUzRSUwQSUwOSUzQyUyRmRpdiUzRSUwQSUwOSUzQ2RpdiUyMGNsYXNzJTNEJTIyd3BiX2NvbHVtbiUyMGNvbHVtbnMlMjBtZWRpdW0tMyUyMHRoYi1kYXJrLWNvbHVtbiUyMHNtYWxsLTYlMjIlM0UlMEElMDklM0NkaXYlMjBjbGFzcyUzRCUyMnZjX2NvbHVtbi1pbm5lciUyMCUyMCUyMiUzRSUwOSUwOSUwOSUwOSUwQSUwOSUzQ2NlbnRlciUzRSUwQSUwOSUzQ2ltZyUyMHNyYyUzRCUyMmh0dHBzJTNBJTJGJTJGd3d3Lmxhd25tb3dlcmxhd25tb3dlci5jb20lMkZzZS1uZXdzJTJGYWNjZWxlcmF0ZV8yMDI2JTJGYWx1bW5pJTJGbGlvbnBvc2UucG5nJTIyJTIwYWx0JTNEJTIybG9nbyUyMiUzRSUwQSUwOSUzQyUyRmNlbnRlciUzRSUwQSUwOSUzQyUyRmRpdiUzRSUwQSUwOSUzQyUyRmRpdiUzRSUwQSUwOSUzQ2RpdiUyMGNsYXNzJTNEJTIyd3BiX2NvbHVtbiUyMGNvbHVtbnMlMjBtZWRpdW0tMyUyMHRoYi1kYXJrLWNvbHVtbiUyMHNtYWxsLTYlMjIlM0UlMEElMDklM0NkaXYlMjBjbGFzcyUzRCUyMnZjX2NvbHVtbi1pbm5lciUyMCUyMCUyMiUzRSUwOSUwOSUwOSUwOSUwQSUwOSUzQ2NlbnRlciUzRSUwQSUwOSUzQ2ltZyUyMHNyYyUzRCUyMmh0dHBzJTNBJTJGJTJGd3d3Lmxhd25tb3dlcmxhd25tb3dlci5jb20lMkZzZS1uZXdzJTJGYWNjZWxlcmF0ZV8yMDI2JTJGYWx1bW5pJTJGbWFlZC5wbmclMjIlMjBhbHQlM0QlMjJsb2dvJTIyJTNFJTBBJTA5JTNDJTJGY2VudGVyJTNFJTBBJTA5JTNDJTJGZGl2JTNFJTBBJTA5JTNDJTJGZGl2JTNFJTBBJTA5JTNDZGl2JTIwY2xhc3MlM0QlMjJ3cGJfY29sdW1uJTIwY29sdW1ucyUyMG1lZGl1bS0zJTIwdGhiLWRhcmstY29sdW1uJTIwc21hbGwtNiUyMiUzRSUwQSUwOSUzQ2RpdiUyMGNsYXNzJTNEJTIydmNfY29sdW1uLWlubmVyJTIwJTIwJTIyJTNFJTA5JTA5JTA5JTA5JTBBJTA5JTNDY2VudGVyJTNFJTBBJTA5JTNDaW1nJTIwc3JjJTNEJTIyaHR0cHMlM0ElMkYlMkZ3d3cubGF3bm1vd2VybGF3bm1vd2VyLmNvbSUyRnNlLW5ld3MlMkZhY2NlbGVyYXRlXzIwMjYlMkZhbHVtbmklMkZtYW5nb3Blb3BsZS5wbmclMjIlMjBhbHQlM0QlMjJsb2dvJTIyJTNFJTBBJTA5JTNDJTJGY2VudGVyJTNFJTBBJTA5JTNDJTJGZGl2JTNFJTBBJTA5JTNDJTJGZGl2JTNFJTBBJTA5JTNDZGl2JTIwY2xhc3MlM0QlMjJ3cGJfY29sdW1uJTIwY29sdW1ucyUyMG1lZGl1bS0zJTIwdGhiLWRhcmstY29sdW1uJTIwc21hbGwtNiUyMiUzRSUwQSUwOSUzQ2RpdiUyMGNsYXNzJTNEJTIydmNfY29sdW1uLWlubmVyJTIwJTIwJTIyJTNFJTA5JTA5JTA5JTA5JTBBJTA5JTNDY2VudGVyJTNFJTBBJTA5JTNDaW1nJTIwc3JjJTNEJTIyaHR0cHMlM0ElMkYlMkZ3d3cubGF3bm1vd2VybGF3bm1vd2VyLmNvbSUyRnNlLW5ld3MlMkZhY2NlbGVyYXRlXzIwMjYlMkZhbHVtbmklMkZvdWl0aGVwZW9wbGUucG5nJTIyJTIwYWx0JTNEJTIybG9nbyUyMiUzRSUwQSUwOSUzQyUyRmNlbnRlciUzRSUwQSUwOSUzQyUyRmRpdiUzRSUwQSUwOSUzQyUyRmRpdiUzRSUwQSUwOSUzQ2RpdiUyMGNsYXNzJTNEJTIyd3BiX2NvbHVtbiUyMGNvbHVtbnMlMjBtZWRpdW0tMyUyMHRoYi1kYXJrLWNvbHVtbiUyMHNtYWxsLTYlMjIlM0UlMEElMDklM0NkaXYlMjBjbGFzcyUzRCUyMnZjX2NvbHVtbi1pbm5lciUyMCUyMCUyMiUzRSUwOSUwOSUwOSUwOSUwQSUwOSUzQ2NlbnRlciUzRSUwQSUwOSUzQ2ltZyUyMHNyYyUzRCUyMmh0dHBzJTNBJTJGJTJGd3d3Lmxhd25tb3dlcmxhd25tb3dlci5jb20lMkZzZS1uZXdzJTJGYWNjZWxlcmF0ZV8yMDI2JTJGYWx1bW5pJTJGcmFuZ2UucG5nJTIyJTIwYWx0JTNEJTIybG9nbyUyMiUzRSUwQSUwOSUzQyUyRmNlbnRlciUzRSUwQSUwOSUzQyUyRmRpdiUzRSUwQSUwOSUzQyUyRmRpdiUzRSUwQSUwOSUzQ2RpdiUyMGNsYXNzJTNEJTIyd3BiX2NvbHVtbiUyMGNvbHVtbnMlMjBtZWRpdW0tMyUyMHRoYi1kYXJrLWNvbHVtbiUyMHNtYWxsLTYlMjIlM0UlMEElMDklM0NkaXYlMjBjbGFzcyUzRCUyMnZjX2NvbHVtbi1pbm5lciUyMCUyMCUyMiUzRSUwOSUwOSUwOSUwOSUwQSUwOSUzQ2NlbnRlciUzRSUwQSUwOSUzQ2ltZyUyMHNyYyUzRCUyMmh0dHBzJTNBJTJGJTJGd3d3Lmxhd25tb3dlcmxhd25tb3dlci5jb20lMkZzZS1uZXdzJTJGYWNjZWxlcmF0ZV8yMDI2JTJGYWx1bW5pJTJGcmllcy5wbmclMjIlMjBhbHQlM0QlMjJsb2dvJTIyJTNFJTBBJTA5JTNDJTJGY2VudGVyJTNFJTBBJTA5JTNDJTJGZGl2JTNFJTBBJTA5JTNDJTJGZGl2JTNFJTBBJTA5JTNDZGl2JTIwY2xhc3MlM0QlMjJ3cGJfY29sdW1uJTIwY29sdW1ucyUyMG1lZGl1bS0zJTIwdGhiLWRhcmstY29sdW1uJTIwc21hbGwtNiUyMiUzRSUwQSUwOSUzQ2RpdiUyMGNsYXNzJTNEJTIydmNfY29sdW1uLWlubmVyJTIwJTIwJTIyJTNFJTA5JTA5JTA5JTA5JTBBJTA5JTNDY2VudGVyJTNFJTBBJTA5JTNDaW1nJTIwc3JjJTNEJTIyaHR0cHMlM0ElMkYlMkZ3d3cubGF3bm1vd2VybGF3bm1vd2VyLmNvbSUyRnNlLW5ld3MlMkZhY2NlbGVyYXRlXzIwMjYlMkZhbHVtbmklMkZzaGlrcy5wbmclMjIlMjBhbHQlM0QlMjJsb2dvJTIyJTNFJTBBJTA5JTNDJTJGY2VudGVyJTNFJTBBJTA5JTNDJTJGZGl2JTNFJTBBJTA5JTNDJTJGZGl2JTNFJTBBJTA5JTBBJTA5JTBBJTA5JTNDJTJGZGl2JTNFJTBBJTA5JTBBJTA5JTBBJTA5JTBBJTBBJTBBJTNDZGl2JTIwY2xhc3MlM0QlMjJhbHVtbmktbGFzdC1yb3clMjIlM0UlMEElMDklMjAlMjAlM0NkaXYlMjBjbGFzcyUzRCUyMmFsdW1uaS1pdGVtJTIyJTNFJTA5JTNDaW1nJTIwc3JjJTNEJTIyaHR0cHMlM0ElMkYlMkZ3d3cubGF3bm1vd2VybGF3bm1vd2VyLmNvbSUyRnNlLW5ld3MlMkZhY2NlbGVyYXRlXzIwMjYlMkZhbHVtbmklMkZzaWVubmFuYXR1cmFscy5wbmclMjIlMjBhbHQlM0QlMjJsb2dvJTIyJTNFJTNDJTJGZGl2JTNFJTBBJTA5JTIwJTIwJTNDZGl2JTIwY2xhc3MlM0QlMjJhbHVtbmktaXRlbSUyMiUzRSUzQ2ltZyUyMHNyYyUzRCUyMmh0dHBzJTNBJTJGJTJGd3d3Lmxhd25tb3dlcmxhd25tb3dlci5jb20lMkZzZS1uZXdzJTJGYWNjZWxlcmF0ZV8yMDI2JTJGYWx1bW5pJTJGdG9waWNhbHMucG5nJTIyJTIwYWx0JTNEJTIybG9nbyUyMiUzRSUzQyUyRmRpdiUzRSUwQSUwOSUzQyUyRmRpdiUzRSUwQSUwOSUwQSUwOSUzQ3N0eWxlJTNFJTBBJTA5JTIwJTIwLmFsdW1uaS1sYXN0LXJvdyU3QiUwQSUwOSUwOWRpc3BsYXklM0FmbGV4JTNCJTBBJTA5JTA5anVzdGlmeS1jb250ZW50JTNBY2VudGVyJTNCJTBBJTA5JTA5ZmxleC13cmFwJTNBd3JhcCUzQiUwQSUwOSUwOW1hcmdpbi10b3AlM0EyMHB4JTNCJTBBJTA5JTIwJTIwJTdEJTBBJTA5JTBBJTA5JTIwJTIwJTJGJTJBJTIwMi11cCUyMG9uJTIwbW9iaWxlJTIwJTJBJTJGJTBBJTA5JTIwJTIwLmFsdW1uaS1sYXN0LXJvdyUyMC5hbHVtbmktaXRlbSU3QiUwQSUwOSUwOWZsZXglM0EwJTIwMCUyMDUwJTI1JTNCJTBBJTA5JTA5bWF4LXdpZHRoJTNBNTAlMjUlM0IlMEElMDklMDl0ZXh0LWFsaWduJTNBY2VudGVyJTNCJTBBJTA5JTA5cGFkZGluZyUzQSUyMDAlMjAxMnB4JTNCJTIwJTJGJTJBJTIwc3BhY2luZyUyMGJldHdlZW4lMjB0aGUlMjAyJTIwaXRlbXMlMjAlMkElMkYlMEElMDklMDlib3gtc2l6aW5nJTNBYm9yZGVyLWJveCUzQiUwQSUwOSUyMCUyMCU3RCUwQSUwOSUwQSUwOSUyMCUyMCUyRiUyQSUyMG1hdGNoJTIwNC1jb2wlMjBncmlkJTIwb24lMjBkZXNrdG9wJTIwd2l0aG91dCUyMHNocmlua2luZyUyMCUyQSUyRiUwQSUwOSUyMCUyMCU0MG1lZGlhJTIwJTI4bWluLXdpZHRoJTNBJTIwOTAwcHglMjklN0IlMEElMDklMDkuYWx1bW5pLWxhc3Qtcm93JTIwLmFsdW1uaS1pdGVtJTdCJTBBJTA5JTA5JTIwJTIwZmxleCUzQTAlMjAwJTIwMjUlMjUlM0IlMEElMDklMDklMjAlMjBtYXgtd2lkdGglM0EyNSUyNSUzQiUwQSUwOSUwOSUyMCUyMHBhZGRpbmclM0ElMjAwJTIwMjBweCUzQiUyMCUyRiUyQSUyMG1pbWljJTIwY29sdW1uJTIwZ3V0dGVyJTIwJTJBJTJGJTBBJTA5JTA5JTdEJTBBJTA5JTIwJTIwJTdEJTBBJTA5JTBBJTA5JTIwJTIwLmFsdW1uaS1sYXN0LXJvdyUyMGltZyU3QiUwQSUwOSUwOW1heC13aWR0aCUzQTEwMCUyNSUzQiUwQSUwOSUwOWhlaWdodCUzQWF1dG8lM0IlMEElMDklMDlkaXNwbGF5JTNBaW5saW5lLWJsb2NrJTNCJTBBJTA5JTIwJTIwJTdEJTBBJTA5JTNDJTJGc3R5bGUlM0UlMEElMEElM0MlMkZjZW50ZXIlM0U=[\/vc_raw_html][vc_text_separator title=\u00bbDescargas\u00bb el_class=\u00bbsubtitle\u00bb][vc_empty_space height=\u00bb25px\u00bb][\/vc_column][\/vc_row][vc_row el_id=\u00bbpdfbutton\u00bb][vc_column][vc_btn title=\u00bbComunicado de prensa &#8211; Anuncio de la cohorte 2025&#8243; style=\u00bbflat\u00bb shape=\u00bbsquare\u00bb color=\u00bbblack\u00bb size=\u00bblg\u00bb align=\u00bbcenter\u00bb css=\u00bb.vc_custom_1737736826067{background-color: #47383800 !important;}\u00bb link=\u00bburl:https%3A%2F%2Fnewsroom.sephora.com%2Fes%2Fel-programa-de-incubacion-accelerate-2025-de-sephora-celebra-una-decada-de-impacto-con-una-nueva-clase-de-fundadores-de-marcas%2F|title:Comunicado%20de%20prensa%20-%20Anuncio%20de%20la%20cohorte%202025|\u00bb][\/vc_column][\/vc_row]\n<\/div>","protected":false},"excerpt":{"rendered":"<p>[vc_row css=\u00bb.vc_custom_1636068794320{background-color: #000000 !important;}\u00bb][vc_column][vc_row_inner css=\u00bb.vc_custom_1771473315885{margin-top: 10px !important;margin-right: 30px !important;margin-bottom: 10px !important;margin-left: 30px !important;}\u00bb][vc_column_inner][vc_empty_space height=\u00bb30px\u00bb][vc_column_text css=\u00bb\u00bb] [\/vc_column_text][\/vc_column_inner][\/vc_row_inner][\/vc_column][\/vc_row][vc_row][vc_column][vc_column_text css=\u00bb\u00bb] [\/vc_column_text][vc_row_inner][vc_column_inner][vc_column_text css=\u00bb\u00bb] Accelerate:Sephora Accelerate es una oportunidad \u00fanica en la vida para que las marcas se desarrollen, perfeccionen y crezcan con el poder de Sephora. Desde mentor\u00edas y comunidad, hasta recursos, y una oportunidad para lanzar tu marca&hellip;<\/p>\n","protected":false},"author":1,"featured_media":0,"parent":0,"menu_order":0,"comment_status":"closed","ping_status":"closed","template":"page-default.php","meta":{"footnotes":"","_links_to":"","_links_to_target":""},"class_list":["post-6096","page","type-page","status-publish","hentry"],"_links":{"self":[{"href":"https:\/\/newsroom.sephora.com\/es\/wp-json\/wp\/v2\/pages\/6096","targetHints":{"allow":["GET"]}}],"collection":[{"href":"https:\/\/newsroom.sephora.com\/es\/wp-json\/wp\/v2\/pages"}],"about":[{"href":"https:\/\/newsroom.sephora.com\/es\/wp-json\/wp\/v2\/types\/page"}],"author":[{"embeddable":true,"href":"https:\/\/newsroom.sephora.com\/es\/wp-json\/wp\/v2\/users\/1"}],"replies":[{"embeddable":true,"href":"https:\/\/newsroom.sephora.com\/es\/wp-json\/wp\/v2\/comments?post=6096"}],"version-history":[{"count":4,"href":"https:\/\/newsroom.sephora.com\/es\/wp-json\/wp\/v2\/pages\/6096\/revisions"}],"predecessor-version":[{"id":6100,"href":"https:\/\/newsroom.sephora.com\/es\/wp-json\/wp\/v2\/pages\/6096\/revisions\/6100"}],"wp:attachment":[{"href":"https:\/\/newsroom.sephora.com\/es\/wp-json\/wp\/v2\/media?parent=6096"}],"curies":[{"name":"wp","href":"https:\/\/api.w.org\/{rel}","templated":true}]}}